{"id":2991,"date":"2025-08-06T11:18:52","date_gmt":"2025-08-06T09:18:52","guid":{"rendered":"https:\/\/www.ceramicaflaminia.com\/?page_id=2991"},"modified":"2025-08-07T09:55:29","modified_gmt":"2025-08-07T07:55:29","slug":"sostenibilita","status":"publish","type":"page","link":"https:\/\/www.ceramicaflaminia.com\/nl\/sostenibilita\/","title":{"rendered":"Duurzaamheid"},"content":{"rendered":"<div class=\"vc_row wpb_row vc_row-fluid vc_custom_1754464904648\"><div class=\"wpb_column vc_column_container vc_col-sm-12\"><div class=\"vc_column-inner\"><div class=\"wpb_wrapper\"><div class=\"vc_row wpb_row vc_inner vc_row-fluid vc_custom_1754471783584 vc_row-has-fill\"><div class=\"wpb_column vc_column_container vc_col-sm-12\"><div class=\"vc_column-inner\"><div class=\"wpb_wrapper\">\n\t<div class=\"wpb_text_column wpb_content_element  vc_custom_1754471755064 new-font\" >\n\t\t<div class=\"wpb_wrapper\">\n\t\t\t<h1 style=\"text-align: left;\"><span style=\"color: #ffffff;\">DUURZAAMHEID<\/span><\/h1>\n\n\t\t<\/div>\n\t<\/div>\n<\/div><\/div><\/div><\/div><div class=\"ult-spacer spacer-69eb8c615304a\" data-id=\"69eb8c615304a\" data-height=\"80\" data-height-mobile=\"40\" data-height-tab=\"60\" data-height-tab-portrait=\"60\" data-height-mobile-landscape=\"40\" style=\"clear:both;display:block;\"><\/div><div class=\"vc_row wpb_row vc_inner vc_row-fluid\"><div class=\"wpb_column vc_column_container vc_col-sm-3\"><div class=\"vc_column-inner\"><div class=\"wpb_wrapper\">\n\t<div class=\"wpb_text_column wpb_content_element  wpb_animate_when_almost_visible wpb_fadeIn fadeIn new-font\" >\n\t\t<div class=\"wpb_wrapper\">\n\t\t\t<h3>Engagement voor het Milieu<\/h3>\n\n\t\t<\/div>\n\t<\/div>\n<\/div><\/div><\/div><div class=\"wpb_column vc_column_container vc_col-sm-9\"><div class=\"vc_column-inner\"><div class=\"wpb_wrapper\">\n\t<div class=\"wpb_text_column wpb_content_element  wpb_animate_when_almost_visible wpb_bounceInRight bounceInRight vc_custom_1754471825565\" >\n\t\t<div class=\"wpb_wrapper\">\n\t\t\t<div>\n<p class=\"Corpo\">Ceramica Flaminia is een bedrijf dat zich onderscheidt, niet alleen door de kwaliteit van zijn producten, maar ook door zijn sterke sociale en milieubetrokkenheid. Lokaal actief, ondersteunt en sponsort Ceramica Flaminia evenementen en sportmanifestaties, en draagt zo bij aan het welzijn en de vitaliteit van de gemeenschap. Door de jaren heen heeft het bedrijf steun verleend aan kleine sportverenigingen, waarmee het zijn voortdurende inzet voor de ontwikkeling van lokale initiatieven aantoont.<\/p>\n<\/div>\n\n\t\t<\/div>\n\t<\/div>\n<\/div><\/div><\/div><\/div><div class=\"vc_row wpb_row vc_inner vc_row-fluid\"><div class=\"wpb_column vc_column_container vc_col-sm-12\"><div class=\"vc_column-inner\"><div class=\"wpb_wrapper\"><div class=\"vc_separator wpb_content_element vc_separator_align_center vc_sep_width_100 vc_sep_pos_align_center vc_separator_no_text vc_sep_color_grey vc_custom_1750060328634  vc_custom_1750060328634\" ><span class=\"vc_sep_holder vc_sep_holder_l\"><span  class=\"vc_sep_line\"><\/span><\/span><span class=\"vc_sep_holder vc_sep_holder_r\"><span  class=\"vc_sep_line\"><\/span><\/span>\n<\/div><\/div><\/div><\/div><\/div><div class=\"vc_row wpb_row vc_inner vc_row-fluid\"><div class=\"wpb_column vc_column_container vc_col-sm-3\"><div class=\"vc_column-inner\"><div class=\"wpb_wrapper\">\n\t<div class=\"wpb_text_column wpb_content_element  wpb_animate_when_almost_visible wpb_fadeIn fadeIn new-font\" >\n\t\t<div class=\"wpb_wrapper\">\n\t\t\t<h3>Een Groene Toekomst<\/h3>\n\n\t\t<\/div>\n\t<\/div>\n<\/div><\/div><\/div><div class=\"wpb_column vc_column_container vc_col-sm-9\"><div class=\"vc_column-inner\"><div class=\"wpb_wrapper\">\n\t<div class=\"wpb_text_column wpb_content_element  wpb_animate_when_almost_visible wpb_bounceInRight bounceInRight vc_custom_1754471866245 newfont\" >\n\t\t<div class=\"wpb_wrapper\">\n\t\t\t<div>\n<p class=\"Corpo\">Ceramica Flaminia gelooft sterk in een duurzame toekomst en heeft belangrijke stappen ondernomen om haar ecologische voetafdruk te verkleinen. Het bedrijf heeft ge\u00efnvesteerd in volledig elektrische transportmiddelen voor intern goederenverkeer, waardoor de uitstoot van koolstof aanzienlijk wordt verminderd en er bijgedragen wordt aan een schoner milieu. Daarnaast is een krachtig fotovolta\u00efsch systeem ge\u00efnstalleerd dat gebruik maakt van zonne-energie en het verbruik van niet-hernieuwbare energiebronnen sterk vermindert.<\/p>\n<\/div>\n<div>\n<p class=\"Corpo\">In samenwerking met de lokale overheid heeft Ceramica Flaminia meegewerkt aan de oprichting van een van de eerste energiegemeenschappen. Dit innovatieve project is gericht op het bevorderen van gedeeld en duurzaam gebruik van energiebronnen, waarbij bedrijven en burgers samenwerken voor een groenere toekomst.<\/p>\n<\/div>\n\n\t\t<\/div>\n\t<\/div>\n<\/div><\/div><\/div><\/div><div class=\"vc_row wpb_row vc_inner vc_row-fluid\"><div class=\"wpb_column vc_column_container vc_col-sm-12\"><div class=\"vc_column-inner\"><div class=\"wpb_wrapper\"><div class=\"vc_separator wpb_content_element vc_separator_align_center vc_sep_width_100 vc_sep_pos_align_center vc_separator_no_text vc_sep_color_grey vc_custom_1750060328634  vc_custom_1750060328634\" ><span class=\"vc_sep_holder vc_sep_holder_l\"><span  class=\"vc_sep_line\"><\/span><\/span><span class=\"vc_sep_holder vc_sep_holder_r\"><span  class=\"vc_sep_line\"><\/span><\/span>\n<\/div><\/div><\/div><\/div><\/div><div class=\"vc_row wpb_row vc_inner vc_row-fluid\"><div class=\"wpb_column vc_column_container vc_col-sm-3\"><div class=\"vc_column-inner\"><div class=\"wpb_wrapper\">\n\t<div class=\"wpb_text_column wpb_content_element  wpb_animate_when_almost_visible wpb_fadeIn fadeIn new-font\" >\n\t\t<div class=\"wpb_wrapper\">\n\t\t\t<h3>Circulaire Economie<\/h3>\n\n\t\t<\/div>\n\t<\/div>\n<\/div><\/div><\/div><div class=\"wpb_column vc_column_container vc_col-sm-9\"><div class=\"vc_column-inner\"><div class=\"wpb_wrapper\">\n\t<div class=\"wpb_text_column wpb_content_element  wpb_animate_when_almost_visible wpb_bounceInRight bounceInRight vc_custom_1754471909972 newfont\" >\n\t\t<div class=\"wpb_wrapper\">\n\t\t\t<div>\n<p class=\"Corpo\">Het bedrijf gelooft sterk in de circulaire economie: een model van productie en consumptie dat draait om delen, hergebruiken, repareren, opknappen en recyclen van bestaande materialen en producten. Ceramica Flaminia recyclet haar afval in samenwerking met bedrijven die gespecialiseerd zijn in het hergebruik van plastic, hout, papier en inerte materialen. Deze aanpak vermindert niet alleen de milieu-impact, maar cre\u00ebert ook waarde en nieuwe economische kansen door verantwoord grondstoffengebruik.<\/p>\n<\/div>\n<div>\n<p class=\"Corpo\">Samengevat is Ceramica Flaminia een voorbeeld van hoe bedrijven een sleutelrol kunnen spelen in het bevorderen van een duurzamere en inclusievere samenleving. Met haar sociale betrokkenheid en milieugerichte initiatieven blijft ze inspireren en bijdragen aan positieve verandering, zowel binnen de gemeenschap als daarbuiten.<\/p>\n<\/div>\n\n\t\t<\/div>\n\t<\/div>\n<\/div><\/div><\/div><\/div><div class=\"ult-spacer spacer-69eb8c6153d11\" data-id=\"69eb8c6153d11\" data-height=\"80\" data-height-mobile=\"40\" data-height-tab=\"60\" data-height-tab-portrait=\"60\" data-height-mobile-landscape=\"40\" style=\"clear:both;display:block;\"><\/div><div class=\"vc_separator wpb_content_element vc_separator_align_center vc_sep_width_100 vc_sep_pos_align_center vc_separator_no_text vc_sep_color_grey vc_custom_1750060328634  vc_custom_1750060328634\" ><span class=\"vc_sep_holder vc_sep_holder_l\"><span  class=\"vc_sep_line\"><\/span><\/span><span class=\"vc_sep_holder vc_sep_holder_r\"><span  class=\"vc_sep_line\"><\/span><\/span>\n<\/div>\n\t<div class=\"wpb_text_column wpb_content_element  wpb_animate_when_almost_visible wpb_bounceInRight bounceInRight vc_custom_1754553327172 newfont\" >\n\t\t<div class=\"wpb_wrapper\">\n\t\t\t<p data-start=\"470\" data-end=\"651\">Ceramica Flaminia collabora esclusivamente con aziende produttive facenti parte di <strong data-start=\"553\" data-end=\"579\">Confindustria Ceramica<\/strong>, che ottemperano alla <strong data-start=\"602\" data-end=\"648\">Dichiarazione Ambientale di Prodotto (EPD)<\/strong>.<\/p>\n<p data-start=\"658\" data-end=\"718\">\ud83d\udc49 <span style=\"color: #999999;\"><a class=\"cursor-pointer\" style=\"color: #999999;\" href=\"http:\/\/www.ceramicaflaminia.com\/wp-content\/uploads\/2025\/08\/MR-EPDITALY0064-1.pdf\" target=\"_blank\" rel=\"noopener\" data-start=\"661\" data-end=\"718\">Scarica la dichiarazione tecnica EPD<\/a><\/span><\/p>\n\n\t\t<\/div>\n\t<\/div>\n<div class=\"ult-spacer spacer-69eb8c6153f16\" data-id=\"69eb8c6153f16\" data-height=\"80\" data-height-mobile=\"40\" data-height-tab=\"60\" data-height-tab-portrait=\"60\" data-height-mobile-landscape=\"40\" style=\"clear:both;display:block;\"><\/div><\/div><\/div><\/div><\/div><!-- Row Backgrounds --><div class=\"upb_bg_img\" data-ultimate-bg=\"url(https:\/\/www.ceramicaflaminia.com\/wp-content\/uploads\/2025\/08\/sfondoeventi-scaled.jpg)\" data-image-id=\"id^2955|url^http:\/\/www.ceramicaflaminia.com\/wp-content\/uploads\/2025\/08\/sfondoeventi-scaled.jpg|caption^null|alt^null|title^sfondoeventi|description^null\" data-ultimate-bg-style=\"vcpb-default\" data-bg-img-repeat=\"no-repeat\" data-bg-img-size=\"cover\" data-bg-img-position=\"\" data-parallx_sense=\"30\" data-bg-override=\"ex-full\" data-bg_img_attach=\"scroll\" data-upb-overlay-color=\"rgba(255,255,255,0.59)\" data-upb-bg-animation=\"\" data-fadeout=\"\" data-bg-animation=\"left-animation\" data-bg-animation-type=\"h\" data-animation-repeat=\"repeat\" data-fadeout-percentage=\"30\" data-parallax-content=\"\" data-parallax-content-sense=\"30\" data-row-effect-mobile-disable=\"true\" data-img-parallax-mobile-disable=\"true\" data-rtl=\"false\"  data-custom-vc-row=\"\"  data-vc=\"6.4.1\"  data-is_old_vc=\"\"  data-theme-support=\"\"   data-overlay=\"true\" data-overlay-color=\"rgba(255,255,255,0.59)\" data-overlay-pattern=\"\" data-overlay-pattern-opacity=\"0.8\" data-overlay-pattern-size=\"\" data-overlay-pattern-attachment=\"scroll\"    ><\/div>","protected":false},"excerpt":{"rendered":"<p>SOSTENIBILIT\u00c1 Impegno per l&#8217;ambiente Ceramica Flaminia \u00e8 un&#8217;azienda che non solo si distingue per la qualit\u00e0 dei suoi prodotti, ma anche per il suo forte impegno sociale e ambientale. Attiva a livello locale, Ceramica Flaminia sostiene e sponsorizza eventi e manifestazioni sportive, contribuendo al benessere e alla vitalit\u00e0 della comunit\u00e0. Negli anni, ha fornito supporto&hellip;<\/p>","protected":false},"author":2,"featured_media":0,"parent":0,"menu_order":0,"comment_status":"closed","ping_status":"closed","template":"","meta":{"footnotes":""},"class_list":["post-2991","page","type-page","status-publish","hentry","description-off"],"_links":{"self":[{"href":"https:\/\/www.ceramicaflaminia.com\/nl\/wp-json\/wp\/v2\/pages\/2991","targetHints":{"allow":["GET"]}}],"collection":[{"href":"https:\/\/www.ceramicaflaminia.com\/nl\/wp-json\/wp\/v2\/pages"}],"about":[{"href":"https:\/\/www.ceramicaflaminia.com\/nl\/wp-json\/wp\/v2\/types\/page"}],"author":[{"embeddable":true,"href":"https:\/\/www.ceramicaflaminia.com\/nl\/wp-json\/wp\/v2\/users\/2"}],"replies":[{"embeddable":true,"href":"https:\/\/www.ceramicaflaminia.com\/nl\/wp-json\/wp\/v2\/comments?post=2991"}],"version-history":[{"count":0,"href":"https:\/\/www.ceramicaflaminia.com\/nl\/wp-json\/wp\/v2\/pages\/2991\/revisions"}],"wp:attachment":[{"href":"https:\/\/www.ceramicaflaminia.com\/nl\/wp-json\/wp\/v2\/media?parent=2991"}],"curies":[{"name":"wp","href":"https:\/\/api.w.org\/{rel}","templated":true}]}}