{"id":2938,"date":"2025-08-06T08:44:20","date_gmt":"2025-08-06T06:44:20","guid":{"rendered":"https:\/\/www.ceramicaflaminia.com\/?page_id=2938"},"modified":"2025-08-06T11:21:03","modified_gmt":"2025-08-06T09:21:03","slug":"eventi","status":"publish","type":"page","link":"https:\/\/www.ceramicaflaminia.com\/it_it\/eventi\/","title":{"rendered":"Eventi"},"content":{"rendered":"<div class=\"vc_row wpb_row vc_row-fluid vc_custom_1754464904648\"><div class=\"wpb_column vc_column_container vc_col-sm-12\"><div class=\"vc_column-inner\"><div class=\"wpb_wrapper\"><div class=\"vc_row wpb_row vc_inner vc_row-fluid vc_custom_1750229196518\"><div class=\"wpb_column vc_column_container vc_col-sm-12\"><div class=\"vc_column-inner\"><div class=\"wpb_wrapper\">\n\t<div class=\"wpb_text_column wpb_content_element  vc_custom_1754462705161 new-font\" >\n\t\t<div class=\"wpb_wrapper\">\n\t\t\t<h1 style=\"text-align: left;\"><span style=\"color: #636363;\">EVENTI<\/span><\/h1>\n\n\t\t<\/div>\n\t<\/div>\n<\/div><\/div><\/div><\/div>\n\t<div  class=\"wpb_single_image wpb_content_element vc_align_center\">\n\t\t\n\t\t<figure class=\"wpb_wrapper vc_figure\">\n\t\t\t<div class=\"vc_single_image-wrapper   vc_box_border_grey\"><img loading=\"lazy\" decoding=\"async\" width=\"2000\" height=\"815\" src=\"https:\/\/www.ceramicaflaminia.com\/wp-content\/uploads\/2025\/08\/Cersaie-2025.jpg\" class=\"vc_single_image-img attachment-full\" alt=\"\" srcset=\"https:\/\/www.ceramicaflaminia.com\/wp-content\/uploads\/2025\/08\/Cersaie-2025.jpg 2000w, https:\/\/www.ceramicaflaminia.com\/wp-content\/uploads\/2025\/08\/Cersaie-2025-300x122.jpg 300w, https:\/\/www.ceramicaflaminia.com\/wp-content\/uploads\/2025\/08\/Cersaie-2025-1024x417.jpg 1024w, https:\/\/www.ceramicaflaminia.com\/wp-content\/uploads\/2025\/08\/Cersaie-2025-768x313.jpg 768w, https:\/\/www.ceramicaflaminia.com\/wp-content\/uploads\/2025\/08\/Cersaie-2025-1536x626.jpg 1536w\" sizes=\"auto, (max-width: 2000px) 100vw, 2000px\"  data-dt-location=\"https:\/\/www.ceramicaflaminia.com\/it_it\/eventi\/cersaie-2025\/\" \/><\/div>\n\t\t<\/figure>\n\t<\/div>\n\n\t<div class=\"wpb_text_column wpb_content_element  wpb_animate_when_almost_visible wpb_bounceInRight bounceInRight vc_custom_1754463527000\" >\n\t\t<div class=\"wpb_wrapper\">\n\t\t\t<p>Ceramica Flaminia a Cersaie, l&#8217;appuntamento internazionale pi\u00f9 importante per il design delle superfici ceramiche e in altri materiali per l&#8217;architettura.<\/p>\n\n\t\t<\/div>\n\t<\/div>\n<div class=\"ult-spacer spacer-6a0451f7c1ed3\" data-id=\"6a0451f7c1ed3\" data-height=\"80\" data-height-mobile=\"40\" data-height-tab=\"60\" data-height-tab-portrait=\"60\" data-height-mobile-landscape=\"40\" style=\"clear:both;display:block;\"><\/div><div class=\"vc_row wpb_row vc_inner vc_row-fluid\"><div class=\"wpb_column vc_column_container vc_col-sm-3\"><div class=\"vc_column-inner\"><div class=\"wpb_wrapper\">\n\t<div class=\"wpb_text_column wpb_content_element  wpb_animate_when_almost_visible wpb_fadeIn fadeIn new-font\" >\n\t\t<div class=\"wpb_wrapper\">\n\t\t\t<h3>Un evento imperdibile<\/h3>\n\n\t\t<\/div>\n\t<\/div>\n<\/div><\/div><\/div><div class=\"wpb_column vc_column_container vc_col-sm-9\"><div class=\"vc_column-inner\"><div class=\"wpb_wrapper\">\n\t<div class=\"wpb_text_column wpb_content_element  wpb_animate_when_almost_visible wpb_bounceInRight bounceInRight vc_custom_1754463835877\" >\n\t\t<div class=\"wpb_wrapper\">\n\t\t\t<p>Ogni anno, Ceramica Flaminia rinnova la sua partecipazione a Cersaie, la pi\u00f9 importante esposizione mondiale dedicata ai settori della ceramica e dell&#8217;arredobagno. Un evento di grande rilevanza che si tiene a Bologna e che rappresenta un&#8217;occasione unica per scoprire le tendenze e le innovazioni nel design ceramico.<\/p>\n\n\t\t<\/div>\n\t<\/div>\n<\/div><\/div><\/div><\/div><div class=\"vc_row wpb_row vc_inner vc_row-fluid\"><div class=\"wpb_column vc_column_container vc_col-sm-12\"><div class=\"vc_column-inner\"><div class=\"wpb_wrapper\"><div class=\"vc_separator wpb_content_element vc_separator_align_center vc_sep_width_100 vc_sep_pos_align_center vc_separator_no_text vc_sep_color_grey vc_custom_1750060328634  vc_custom_1750060328634\" ><span class=\"vc_sep_holder vc_sep_holder_l\"><span  class=\"vc_sep_line\"><\/span><\/span><span class=\"vc_sep_holder vc_sep_holder_r\"><span  class=\"vc_sep_line\"><\/span><\/span>\n<\/div><\/div><\/div><\/div><\/div><div class=\"vc_row wpb_row vc_inner vc_row-fluid\"><div class=\"wpb_column vc_column_container vc_col-sm-3\"><div class=\"vc_column-inner\"><div class=\"wpb_wrapper\">\n\t<div class=\"wpb_text_column wpb_content_element  wpb_animate_when_almost_visible wpb_fadeIn fadeIn new-font\" >\n\t\t<div class=\"wpb_wrapper\">\n\t\t\t<h3>Le nuove collezioni<\/h3>\n\n\t\t<\/div>\n\t<\/div>\n<\/div><\/div><\/div><div class=\"wpb_column vc_column_container vc_col-sm-9\"><div class=\"vc_column-inner\"><div class=\"wpb_wrapper\">\n\t<div class=\"wpb_text_column wpb_content_element  wpb_animate_when_almost_visible wpb_bounceInRight bounceInRight vc_custom_1754463913631 newfont\" >\n\t\t<div class=\"wpb_wrapper\">\n\t\t\t<p>Come da tradizione, Ceramica Flaminia presenter\u00e0 le sue nuove collezioni, progettate per stupire e incantare appassionati e professionisti del settore. Ogni collezione \u00e8 il risultato di un attento lavoro di ricerca e sviluppo, mirato a combinare estetica, funzionalit\u00e0 e sostenibilit\u00e0.<\/p>\n\n\t\t<\/div>\n\t<\/div>\n<\/div><\/div><\/div><\/div><div class=\"vc_row wpb_row vc_inner vc_row-fluid\"><div class=\"wpb_column vc_column_container vc_col-sm-12\"><div class=\"vc_column-inner\"><div class=\"wpb_wrapper\"><div class=\"vc_separator wpb_content_element vc_separator_align_center vc_sep_width_100 vc_sep_pos_align_center vc_separator_no_text vc_sep_color_grey vc_custom_1750060328634  vc_custom_1750060328634\" ><span class=\"vc_sep_holder vc_sep_holder_l\"><span  class=\"vc_sep_line\"><\/span><\/span><span class=\"vc_sep_holder vc_sep_holder_r\"><span  class=\"vc_sep_line\"><\/span><\/span>\n<\/div><\/div><\/div><\/div><\/div><div class=\"vc_row wpb_row vc_inner vc_row-fluid\"><div class=\"wpb_column vc_column_container vc_col-sm-3\"><div class=\"vc_column-inner\"><div class=\"wpb_wrapper\">\n\t<div class=\"wpb_text_column wpb_content_element  wpb_animate_when_almost_visible wpb_fadeIn fadeIn new-font\" >\n\t\t<div class=\"wpb_wrapper\">\n\t\t\t<h3>Innovazione e design<\/h3>\n\n\t\t<\/div>\n\t<\/div>\n<\/div><\/div><\/div><div class=\"wpb_column vc_column_container vc_col-sm-9\"><div class=\"vc_column-inner\"><div class=\"wpb_wrapper\">\n\t<div class=\"wpb_text_column wpb_content_element  wpb_animate_when_almost_visible wpb_bounceInRight bounceInRight vc_custom_1754463889489 newfont\" >\n\t\t<div class=\"wpb_wrapper\">\n\t\t\t<p>Le proposte di Ceramica Flaminia si distinguono per l&#8217;innovativo design e l&#8217;alta qualit\u00e0 dei materiali utilizzati. La loro partecipazione a Cersaie offre un&#8217;occasione ideale per scoprire pezzi unici e soluzioni d&#8217;avanguardia nel campo dell&#8217;arredobagno e della ceramica.<\/p>\n\n\t\t<\/div>\n\t<\/div>\n<\/div><\/div><\/div><\/div><div class=\"vc_row wpb_row vc_inner vc_row-fluid\"><div class=\"wpb_column vc_column_container vc_col-sm-12\"><div class=\"vc_column-inner\"><div class=\"wpb_wrapper\"><div class=\"vc_separator wpb_content_element vc_separator_align_center vc_sep_width_100 vc_sep_pos_align_center vc_separator_no_text vc_sep_color_grey vc_custom_1750060328634  vc_custom_1750060328634\" ><span class=\"vc_sep_holder vc_sep_holder_l\"><span  class=\"vc_sep_line\"><\/span><\/span><span class=\"vc_sep_holder vc_sep_holder_r\"><span  class=\"vc_sep_line\"><\/span><\/span>\n<\/div><\/div><\/div><\/div><\/div><div class=\"vc_row wpb_row vc_inner vc_row-fluid\"><div class=\"wpb_column vc_column_container vc_col-sm-3\"><div class=\"vc_column-inner\"><div class=\"wpb_wrapper\">\n\t<div class=\"wpb_text_column wpb_content_element  wpb_animate_when_almost_visible wpb_fadeIn fadeIn new-font\" >\n\t\t<div class=\"wpb_wrapper\">\n\t\t\t<h3>Un Impegno Continuo<\/h3>\n\n\t\t<\/div>\n\t<\/div>\n<\/div><\/div><\/div><div class=\"wpb_column vc_column_container vc_col-sm-9\"><div class=\"vc_column-inner\"><div class=\"wpb_wrapper\">\n\t<div class=\"wpb_text_column wpb_content_element  wpb_animate_when_almost_visible wpb_bounceInRight bounceInRight vc_custom_1754463969387 newfont\" >\n\t\t<div class=\"wpb_wrapper\">\n\t\t\t<p>Il costante impegno di Ceramica Flaminia nel miglioramento dei propri prodotti si riflette nella capacit\u00e0 di rispondere alle esigenze di un mercato in continua evoluzione, offrendo soluzioni personalizzate e all&#8217;avanguardia.<\/p>\n\n\t\t<\/div>\n\t<\/div>\n<\/div><\/div><\/div><\/div><div class=\"vc_separator wpb_content_element vc_separator_align_center vc_sep_width_100 vc_sep_pos_align_center vc_separator_no_text vc_sep_color_grey vc_custom_1750060328634  vc_custom_1750060328634\" ><span class=\"vc_sep_holder vc_sep_holder_l\"><span  class=\"vc_sep_line\"><\/span><\/span><span class=\"vc_sep_holder vc_sep_holder_r\"><span  class=\"vc_sep_line\"><\/span><\/span>\n<\/div><div class=\"vc_row wpb_row vc_inner vc_row-fluid\"><div class=\"wpb_column vc_column_container vc_col-sm-3\"><div class=\"vc_column-inner\"><div class=\"wpb_wrapper\">\n\t<div class=\"wpb_text_column wpb_content_element  wpb_animate_when_almost_visible wpb_fadeIn fadeIn new-font\" >\n\t\t<div class=\"wpb_wrapper\">\n\t\t\t<h3>Appuntamento con il futuro<\/h3>\n\n\t\t<\/div>\n\t<\/div>\n<\/div><\/div><\/div><div class=\"wpb_column vc_column_container vc_col-sm-9\"><div class=\"vc_column-inner\"><div class=\"wpb_wrapper\">\n\t<div class=\"wpb_text_column wpb_content_element  wpb_animate_when_almost_visible wpb_bounceInRight bounceInRight vc_custom_1754464002029 newfont\" >\n\t\t<div class=\"wpb_wrapper\">\n\t\t\t<p>La partecipazione a Cersaie non \u00e8 solo un&#8217;opportunit\u00e0 per presentare le novit\u00e0, ma anche un momento di incontro e confronto con altri leader del settore, designer e appassionati. \u00c8 un appuntamento imperdibile per chiunque voglia essere al passo con le ultime tendenze e innovazioni nel mondo della ceramica e dell&#8217;arredobagno.<\/p>\n<p>Ceramica Flaminia vi aspetta a Cersaie per un&#8217;esperienza all&#8217;insegna del design e dell&#8217;innovazione. Non mancate di visitare il loro stand per scoprire in anteprima le collezioni che detteranno le tendenze del futuro.<\/p>\n\n\t\t<\/div>\n\t<\/div>\n<\/div><\/div><\/div><\/div><div class=\"vc_row wpb_row vc_inner vc_row-fluid\"><div class=\"wpb_column vc_column_container vc_col-sm-12\"><div class=\"vc_column-inner\"><div class=\"wpb_wrapper\"><div class=\"vc_separator wpb_content_element vc_separator_align_center vc_sep_width_100 vc_sep_pos_align_center vc_separator_no_text vc_sep_color_grey vc_custom_1750060328634  vc_custom_1750060328634\" ><span class=\"vc_sep_holder vc_sep_holder_l\"><span  class=\"vc_sep_line\"><\/span><\/span><span class=\"vc_sep_holder vc_sep_holder_r\"><span  class=\"vc_sep_line\"><\/span><\/span>\n<\/div><\/div><\/div><\/div><\/div><\/div><\/div><\/div><\/div><!-- Row Backgrounds --><div class=\"upb_bg_img\" data-ultimate-bg=\"url(https:\/\/www.ceramicaflaminia.com\/wp-content\/uploads\/2025\/08\/sfondoeventi-scaled.jpg)\" data-image-id=\"id^2955|url^http:\/\/www.ceramicaflaminia.com\/wp-content\/uploads\/2025\/08\/sfondoeventi-scaled.jpg|caption^null|alt^null|title^sfondoeventi|description^null\" data-ultimate-bg-style=\"vcpb-default\" data-bg-img-repeat=\"no-repeat\" data-bg-img-size=\"cover\" data-bg-img-position=\"\" data-parallx_sense=\"30\" data-bg-override=\"ex-full\" data-bg_img_attach=\"scroll\" data-upb-overlay-color=\"rgba(255,255,255,0.59)\" data-upb-bg-animation=\"\" data-fadeout=\"\" data-bg-animation=\"left-animation\" data-bg-animation-type=\"h\" data-animation-repeat=\"repeat\" data-fadeout-percentage=\"30\" data-parallax-content=\"\" data-parallax-content-sense=\"30\" data-row-effect-mobile-disable=\"true\" data-img-parallax-mobile-disable=\"true\" data-rtl=\"false\"  data-custom-vc-row=\"\"  data-vc=\"6.4.1\"  data-is_old_vc=\"\"  data-theme-support=\"\"   data-overlay=\"true\" data-overlay-color=\"rgba(255,255,255,0.59)\" data-overlay-pattern=\"\" data-overlay-pattern-opacity=\"0.8\" data-overlay-pattern-size=\"\" data-overlay-pattern-attachment=\"scroll\"    ><\/div>\n","protected":false},"excerpt":{"rendered":"<p>EVENTI Ceramica Flaminia a Cersaie, l&#8217;appuntamento internazionale pi\u00f9 importante per il design delle superfici ceramiche e in altri materiali per l&#8217;architettura. Un evento imperdibile Ogni anno, Ceramica Flaminia rinnova la sua partecipazione a Cersaie, la pi\u00f9 importante esposizione mondiale dedicata ai settori della ceramica e dell&#8217;arredobagno. Un evento di grande rilevanza che si tiene a&hellip;<\/p>\n","protected":false},"author":2,"featured_media":0,"parent":0,"menu_order":0,"comment_status":"closed","ping_status":"closed","template":"","meta":{"footnotes":""},"class_list":["post-2938","page","type-page","status-publish","hentry","description-off"],"_links":{"self":[{"href":"https:\/\/www.ceramicaflaminia.com\/it_it\/wp-json\/wp\/v2\/pages\/2938","targetHints":{"allow":["GET"]}}],"collection":[{"href":"https:\/\/www.ceramicaflaminia.com\/it_it\/wp-json\/wp\/v2\/pages"}],"about":[{"href":"https:\/\/www.ceramicaflaminia.com\/it_it\/wp-json\/wp\/v2\/types\/page"}],"author":[{"embeddable":true,"href":"https:\/\/www.ceramicaflaminia.com\/it_it\/wp-json\/wp\/v2\/users\/2"}],"replies":[{"embeddable":true,"href":"https:\/\/www.ceramicaflaminia.com\/it_it\/wp-json\/wp\/v2\/comments?post=2938"}],"version-history":[{"count":18,"href":"https:\/\/www.ceramicaflaminia.com\/it_it\/wp-json\/wp\/v2\/pages\/2938\/revisions"}],"predecessor-version":[{"id":2995,"href":"https:\/\/www.ceramicaflaminia.com\/it_it\/wp-json\/wp\/v2\/pages\/2938\/revisions\/2995"}],"wp:attachment":[{"href":"https:\/\/www.ceramicaflaminia.com\/it_it\/wp-json\/wp\/v2\/media?parent=2938"}],"curies":[{"name":"wp","href":"https:\/\/api.w.org\/{rel}","templated":true}]}}