{"id":811,"date":"2019-07-01T14:06:02","date_gmt":"2019-07-01T18:06:02","guid":{"rendered":"https:\/\/the7.io\/church\/?page_id=811"},"modified":"2025-08-08T11:14:00","modified_gmt":"2025-08-08T09:14:00","slug":"home-1","status":"publish","type":"page","link":"https:\/\/www.ceramicaflaminia.com\/hr\/","title":{"rendered":"Home 1"},"content":{"rendered":"<div class=\"vc_row wpb_row vc_row-fluid vc_custom_1751881256356\"><div class=\"wpb_column vc_column_container vc_col-sm-12\"><div class=\"vc_column-inner\"><div class=\"wpb_wrapper\"><div class=\"vc_row wpb_row vc_inner vc_row-fluid vc_custom_1750229196518\"><div class=\"wpb_column vc_column_container vc_col-sm-12\"><div class=\"vc_column-inner\"><div class=\"wpb_wrapper\">\n\t<div class=\"wpb_text_column wpb_content_element  vc_custom_1751881489799 new-font\" >\n\t\t<div class=\"wpb_wrapper\">\n\t\t\t<h2 style=\"text-align: left;\"><span style=\"color: #636363;\">Na\u0161a Pri\u010da<\/span><\/h2>\n\n\t\t<\/div>\n\t<\/div>\n<div class=\"ult-spacer spacer-6a04520fa9112\" data-id=\"6a04520fa9112\" data-height=\"65\" data-height-mobile=\"30\" data-height-tab=\"40\" data-height-tab-portrait=\"40\" data-height-mobile-landscape=\"30\" style=\"clear:both;display:block;\"><\/div><\/div><\/div><\/div><\/div><div class=\"vc_row wpb_row vc_inner vc_row-fluid\"><div class=\"wpb_column vc_column_container vc_col-sm-3\"><div class=\"vc_column-inner\"><div class=\"wpb_wrapper\">\n\t<div  class=\"wpb_single_image wpb_content_element vc_align_right  wpb_animate_when_almost_visible wpb_bounceInLeft bounceInLeft vc_custom_1754644438257\">\n\t\t\n\t\t<figure class=\"wpb_wrapper vc_figure\">\n\t\t\t<div class=\"vc_single_image-wrapper   vc_box_border_grey\"><img loading=\"lazy\" decoding=\"async\" class=\"vc_single_image-img\" src=\"https:\/\/www.ceramicaflaminia.com\/wp-content\/uploads\/2025\/08\/bandiera60-160x160.png\" width=\"160\" height=\"160\" alt=\"bandiera60\" title=\"bandiera60\"  data-dt-location=\"https:\/\/www.ceramicaflaminia.com\/hr\/home-1\/bandiera60\/\" \/><\/div>\n\t\t<\/figure>\n\t<\/div>\n<\/div><\/div><\/div><div class=\"wpb_column vc_column_container vc_col-sm-3\"><div class=\"vc_column-inner\"><div class=\"wpb_wrapper\">\n\t<div class=\"wpb_text_column wpb_content_element  wpb_animate_when_almost_visible wpb_fadeIn fadeIn new-font\" >\n\t\t<div class=\"wpb_wrapper\">\n\t\t\t<h3>Po\u010detak Pustolovine<\/h3>\n\n\t\t<\/div>\n\t<\/div>\n<\/div><\/div><\/div><div class=\"wpb_column vc_column_container vc_col-sm-6\"><div class=\"vc_column-inner\"><div class=\"wpb_wrapper\">\n\t<div class=\"wpb_text_column wpb_content_element  wpb_animate_when_almost_visible wpb_bounceInRight bounceInRight vc_custom_1754548491806\" >\n\t\t<div class=\"wpb_wrapper\">\n\t\t\t<p><span style=\"color: #333333;\">Ceramica Flaminia osnovana je 1960-ih godina u srcu kerami\u010dkog podru\u010dja Sassuola, regije koja je u svijetu prepoznata kao najva\u017enije sredi\u0161te za proizvodnju visokokvalitetne keramike. Od samog po\u010detka, tvrtka je pokazala iznimnu sposobnost prilagodbe, neprestano se iznova osmi\u0161ljavaju\u0107i kako bi odgovorila na promjenjive potrebe tr\u017ei\u0161ta. Taj inovativni duh omogu\u0107io je Ceramici Flaminia rast i uspjeh tijekom desetlje\u0107a.<\/span><\/p>\n\n\t\t<\/div>\n\t<\/div>\n<\/div><\/div><\/div><\/div><div class=\"vc_row wpb_row vc_inner vc_row-fluid\"><div class=\"wpb_column vc_column_container vc_col-sm-12\"><div class=\"vc_column-inner\"><div class=\"wpb_wrapper\"><div class=\"vc_separator wpb_content_element vc_separator_align_center vc_sep_width_100 vc_sep_pos_align_center vc_separator_no_text vc_sep_color_grey vc_custom_1750060328634  vc_custom_1750060328634\" ><span class=\"vc_sep_holder vc_sep_holder_l\"><span  class=\"vc_sep_line\"><\/span><\/span><span class=\"vc_sep_holder vc_sep_holder_r\"><span  class=\"vc_sep_line\"><\/span><\/span>\n<\/div><\/div><\/div><\/div><\/div><div class=\"vc_row wpb_row vc_inner vc_row-fluid\"><div class=\"wpb_column vc_column_container vc_col-sm-3\"><div class=\"vc_column-inner\"><div class=\"wpb_wrapper\">\n\t<div  class=\"wpb_single_image wpb_content_element vc_align_right  wpb_animate_when_almost_visible wpb_bounceInLeft bounceInLeft vc_custom_1750229810813\">\n\t\t\n\t\t<figure class=\"wpb_wrapper vc_figure\">\n\t\t\t<div class=\"vc_single_image-wrapper   vc_box_border_grey\"><img loading=\"lazy\" decoding=\"async\" class=\"vc_single_image-img\" src=\"https:\/\/www.ceramicaflaminia.com\/wp-content\/uploads\/2025\/06\/lampadina-160x160.png\" width=\"160\" height=\"160\" alt=\"lampadina\" title=\"lampadina\"  data-dt-location=\"https:\/\/www.ceramicaflaminia.com\/hr\/home-1\/lampadina\/\" \/><\/div>\n\t\t<\/figure>\n\t<\/div>\n<\/div><\/div><\/div><div class=\"wpb_column vc_column_container vc_col-sm-3\"><div class=\"vc_column-inner\"><div class=\"wpb_wrapper\">\n\t<div class=\"wpb_text_column wpb_content_element  wpb_animate_when_almost_visible wpb_fadeIn fadeIn new-font\" >\n\t\t<div class=\"wpb_wrapper\">\n\t\t\t<h3>Inovacija i Prilagodba<\/h3>\n\n\t\t<\/div>\n\t<\/div>\n<\/div><\/div><\/div><div class=\"wpb_column vc_column_container vc_col-sm-6\"><div class=\"vc_column-inner\"><div class=\"wpb_wrapper\">\n\t<div class=\"wpb_text_column wpb_content_element  wpb_animate_when_almost_visible wpb_bounceInRight bounceInRight vc_custom_1752129577925 newfont\" >\n\t\t<div class=\"wpb_wrapper\">\n\t\t\t<p><span style=\"color: #333333;\">Kroz godine, Ceramica Flaminia je uspje\u0161no predvi\u0111ala i pratila tr\u017ei\u0161ne trendove, ula\u017eu\u0107i u tehnologiju, istra\u017eivanje i razvoj.<\/span><\/p>\n<p><span style=\"color: #333333;\">Njena sposobnost prilagodbe bila je klju\u010dna za o\u010duvanje konkurentnosti i vode\u0107e pozicije tvrtke tijekom vi\u0161e desetlje\u0107a.<\/span><\/p>\n\n\t\t<\/div>\n\t<\/div>\n<\/div><\/div><\/div><\/div><div class=\"vc_row wpb_row vc_inner vc_row-fluid\"><div class=\"wpb_column vc_column_container vc_col-sm-12\"><div class=\"vc_column-inner\"><div class=\"wpb_wrapper\"><div class=\"vc_separator wpb_content_element vc_separator_align_center vc_sep_width_100 vc_sep_pos_align_center vc_separator_no_text vc_sep_color_grey vc_custom_1750060328634  vc_custom_1750060328634\" ><span class=\"vc_sep_holder vc_sep_holder_l\"><span  class=\"vc_sep_line\"><\/span><\/span><span class=\"vc_sep_holder vc_sep_holder_r\"><span  class=\"vc_sep_line\"><\/span><\/span>\n<\/div><\/div><\/div><\/div><\/div><div class=\"vc_row wpb_row vc_inner vc_row-fluid\"><div class=\"wpb_column vc_column_container vc_col-sm-3\"><div class=\"vc_column-inner\"><div class=\"wpb_wrapper\">\n\t<div  class=\"wpb_single_image wpb_content_element vc_align_right  wpb_animate_when_almost_visible wpb_bounceInLeft bounceInLeft vc_custom_1750229722484\">\n\t\t\n\t\t<figure class=\"wpb_wrapper vc_figure\">\n\t\t\t<div class=\"vc_single_image-wrapper   vc_box_border_grey\"><img loading=\"lazy\" decoding=\"async\" class=\"vc_single_image-img\" src=\"https:\/\/www.ceramicaflaminia.com\/wp-content\/uploads\/2025\/06\/estern-160x160.png\" width=\"160\" height=\"160\" alt=\"estern\" title=\"estern\"  data-dt-location=\"https:\/\/www.ceramicaflaminia.com\/hr\/home-1\/estern\/\" \/><\/div>\n\t\t<\/figure>\n\t<\/div>\n<\/div><\/div><\/div><div class=\"wpb_column vc_column_container vc_col-sm-3\"><div class=\"vc_column-inner\"><div class=\"wpb_wrapper\">\n\t<div class=\"wpb_text_column wpb_content_element  wpb_animate_when_almost_visible wpb_fadeIn fadeIn new-font\" >\n\t\t<div class=\"wpb_wrapper\">\n\t\t\t<h3>Strate\u0161ki Outsourcing<\/h3>\n\n\t\t<\/div>\n\t<\/div>\n<\/div><\/div><\/div><div class=\"wpb_column vc_column_container vc_col-sm-6\"><div class=\"vc_column-inner\"><div class=\"wpb_wrapper\">\n\t<div class=\"wpb_text_column wpb_content_element  wpb_animate_when_almost_visible wpb_bounceInRight bounceInRight vc_custom_1752129591222 newfont\" >\n\t\t<div class=\"wpb_wrapper\">\n\t\t\t<p><span style=\"color: #333333; font-family: Roboto, Helvetica, Arial, Verdana, sans-serif; font-size: medium;\">U novije vrijeme, tvrtka je donijela strate\u0161ku odluku da proizvodnju prepusti drugim lokalnim proizvo\u0111a\u010dima. Ova odluka omogu\u0107ila je odabir dobavlja\u010da prema njihovim prednostima, stvaraju\u0107i klju\u010dne sinergije.<\/span><\/p>\n<p><span style=\"color: #333333; font-family: Roboto, Helvetica, Arial, Verdana, sans-serif; font-size: medium;\">Iz tih sinergija i stalne prisutnosti na me\u0111unarodnim tr\u017ei\u0161tima proiza\u0161ao je odabir formata i povr\u0161ina koje tr\u017ei\u0161te najbolje prihva\u0107a.<\/span><\/p>\n\n\t\t<\/div>\n\t<\/div>\n<\/div><\/div><\/div><\/div><div class=\"vc_row wpb_row vc_inner vc_row-fluid\"><div class=\"wpb_column vc_column_container vc_col-sm-12\"><div class=\"vc_column-inner\"><div class=\"wpb_wrapper\"><div class=\"vc_separator wpb_content_element vc_separator_align_center vc_sep_width_100 vc_sep_pos_align_center vc_separator_no_text vc_sep_color_grey vc_custom_1750060328634  vc_custom_1750060328634\" ><span class=\"vc_sep_holder vc_sep_holder_l\"><span  class=\"vc_sep_line\"><\/span><\/span><span class=\"vc_sep_holder vc_sep_holder_r\"><span  class=\"vc_sep_line\"><\/span><\/span>\n<\/div><\/div><\/div><\/div><\/div><div class=\"vc_row wpb_row vc_inner vc_row-fluid\"><div class=\"wpb_column vc_column_container vc_col-sm-3\"><div class=\"vc_column-inner\"><div class=\"wpb_wrapper\">\n\t<div  class=\"wpb_single_image wpb_content_element vc_align_right  wpb_animate_when_almost_visible wpb_bounceInLeft bounceInLeft vc_custom_1750229730752\">\n\t\t\n\t\t<figure class=\"wpb_wrapper vc_figure\">\n\t\t\t<div class=\"vc_single_image-wrapper   vc_box_border_grey\"><img loading=\"lazy\" decoding=\"async\" class=\"vc_single_image-img\" src=\"https:\/\/www.ceramicaflaminia.com\/wp-content\/uploads\/2025\/06\/furgo-160x160.png\" width=\"160\" height=\"160\" alt=\"furgo\" title=\"furgo\"  data-dt-location=\"https:\/\/www.ceramicaflaminia.com\/hr\/home-1\/furgo\/\" \/><\/div>\n\t\t<\/figure>\n\t<\/div>\n<\/div><\/div><\/div><div class=\"wpb_column vc_column_container vc_col-sm-3\"><div class=\"vc_column-inner\"><div class=\"wpb_wrapper\">\n\t<div class=\"wpb_text_column wpb_content_element  wpb_animate_when_almost_visible wpb_fadeIn fadeIn new-font\" >\n\t\t<div class=\"wpb_wrapper\">\n\t\t\t<h3>Brzina i Dostupnost<\/h3>\n\n\t\t<\/div>\n\t<\/div>\n<\/div><\/div><\/div><div class=\"wpb_column vc_column_container vc_col-sm-6\"><div class=\"vc_column-inner\"><div class=\"wpb_wrapper\">\n\t<div class=\"wpb_text_column wpb_content_element  wpb_animate_when_almost_visible wpb_bounceInRight bounceInRight vc_custom_1752129610618 newfont\" >\n\t\t<div class=\"wpb_wrapper\">\n\t\t\t<p><span style=\"color: #333333;\">Jo\u0161 jedna prednost Flaminije je velika dostupnost robe u vlastitim skladi\u0161tima, koja je ve\u0107inom pohranjena pod nadstre\u0161nicom, \u0161to omogu\u0107uje brzu isporuku.<\/span><\/p>\n<p><span style=\"color: #333333; font-family: Roboto, Helvetica, Arial, Verdana, sans-serif; font-size: medium;\">Kolekcije su precizno usmjerene, kako estetski tako i u pogledu broja formata i povr\u0161ina, \u010dime jednostavnost postaje jedna od glavnih snaga brenda.<\/span><\/p>\n<p><span style=\"color: #333333; font-family: Roboto, Helvetica, Arial, Verdana, sans-serif; font-size: medium;\">Briga o korisni\u010dkoj usluzi jo\u0161 je jedno prepoznatljivo obilje\u017eje tvrtke, koja kao pravilo postavlja najvi\u0161u kvalitetu proizvoda.<\/span><\/p>\n\n\t\t<\/div>\n\t<\/div>\n<\/div><\/div><\/div><\/div><div class=\"vc_row wpb_row vc_inner vc_row-fluid\"><div class=\"wpb_column vc_column_container vc_col-sm-12\"><div class=\"vc_column-inner\"><div class=\"wpb_wrapper\"><div class=\"vc_separator wpb_content_element vc_separator_align_center vc_sep_width_100 vc_sep_pos_align_center vc_separator_no_text vc_sep_color_grey vc_custom_1750060328634  vc_custom_1750060328634\" ><span class=\"vc_sep_holder vc_sep_holder_l\"><span  class=\"vc_sep_line\"><\/span><\/span><span class=\"vc_sep_holder vc_sep_holder_r\"><span  class=\"vc_sep_line\"><\/span><\/span>\n<\/div><\/div><\/div><\/div><\/div><\/div><\/div><\/div><\/div><!-- Row Backgrounds --><div class=\"upb_bg_img\" data-ultimate-bg=\"url(https:\/\/www.ceramicaflaminia.com\/wp-content\/uploads\/2025\/06\/VECCHIO-STABILIMENTO_2SFONDO-scaled.jpg)\" data-image-id=\"id^2117|url^http:\/\/www.ceramicaflaminia.com\/wp-content\/uploads\/2025\/06\/VECCHIO-STABILIMENTO_2SFONDO-scaled.jpg|caption^null|alt^null|title^VECCHIO-STABILIMENTO_2SFONDO|description^null\" data-ultimate-bg-style=\"vcpb-default\" data-bg-img-repeat=\"no-repeat\" data-bg-img-size=\"cover\" data-bg-img-position=\"\" data-parallx_sense=\"30\" data-bg-override=\"ex-full\" data-bg_img_attach=\"scroll\" data-upb-overlay-color=\"\" data-upb-bg-animation=\"\" data-fadeout=\"\" data-bg-animation=\"left-animation\" data-bg-animation-type=\"h\" data-animation-repeat=\"repeat\" data-fadeout-percentage=\"30\" data-parallax-content=\"\" data-parallax-content-sense=\"30\" data-row-effect-mobile-disable=\"true\" data-img-parallax-mobile-disable=\"true\" data-rtl=\"false\"  data-custom-vc-row=\"\"  data-vc=\"6.4.1\"  data-is_old_vc=\"\"  data-theme-support=\"\"   data-overlay=\"false\" data-overlay-color=\"\" data-overlay-pattern=\"\" data-overlay-pattern-opacity=\"\" data-overlay-pattern-size=\"\"    ><\/div>","protected":false},"excerpt":{"rendered":"<p>La Nostra Storia L&#8217;inizio dell&#8217;avventura Ceramica Flaminia nasce negli anni \u201960 nel cuore del comprensorio ceramico di Sassuolo, area riconosciuta a livello mondiale come la pi\u00f9 importante \u00a0per la produzione di ceramiche di alta qualit\u00e0. Fin dai suoi esordi, l\u2019azienda ha dimostrato una sorprendente capacit\u00e0 di adattamento, reinventandosi per rispondere alle mutevoli esigenze del mercato.&hellip;<\/p>","protected":false},"author":2,"featured_media":0,"parent":0,"menu_order":0,"comment_status":"closed","ping_status":"closed","template":"","meta":{"footnotes":""},"class_list":["post-811","page","type-page","status-publish","hentry","description-off"],"_links":{"self":[{"href":"https:\/\/www.ceramicaflaminia.com\/hr\/wp-json\/wp\/v2\/pages\/811","targetHints":{"allow":["GET"]}}],"collection":[{"href":"https:\/\/www.ceramicaflaminia.com\/hr\/wp-json\/wp\/v2\/pages"}],"about":[{"href":"https:\/\/www.ceramicaflaminia.com\/hr\/wp-json\/wp\/v2\/types\/page"}],"author":[{"embeddable":true,"href":"https:\/\/www.ceramicaflaminia.com\/hr\/wp-json\/wp\/v2\/users\/2"}],"replies":[{"embeddable":true,"href":"https:\/\/www.ceramicaflaminia.com\/hr\/wp-json\/wp\/v2\/comments?post=811"}],"version-history":[{"count":0,"href":"https:\/\/www.ceramicaflaminia.com\/hr\/wp-json\/wp\/v2\/pages\/811\/revisions"}],"wp:attachment":[{"href":"https:\/\/www.ceramicaflaminia.com\/hr\/wp-json\/wp\/v2\/media?parent=811"}],"curies":[{"name":"wp","href":"https:\/\/api.w.org\/{rel}","templated":true}]}}