{"id":2991,"date":"2025-08-06T11:18:52","date_gmt":"2025-08-06T09:18:52","guid":{"rendered":"https:\/\/www.ceramicaflaminia.com\/?page_id=2991"},"modified":"2025-08-07T09:55:29","modified_gmt":"2025-08-07T07:55:29","slug":"sostenibilita","status":"publish","type":"page","link":"https:\/\/www.ceramicaflaminia.com\/hr\/sostenibilita\/","title":{"rendered":"Odr\u017eivost"},"content":{"rendered":"<div class=\"vc_row wpb_row vc_row-fluid vc_custom_1754464904648\"><div class=\"wpb_column vc_column_container vc_col-sm-12\"><div class=\"vc_column-inner\"><div class=\"wpb_wrapper\"><div class=\"vc_row wpb_row vc_inner vc_row-fluid vc_custom_1754471783584 vc_row-has-fill\"><div class=\"wpb_column vc_column_container vc_col-sm-12\"><div class=\"vc_column-inner\"><div class=\"wpb_wrapper\">\n\t<div class=\"wpb_text_column wpb_content_element  vc_custom_1754471755064 new-font\" >\n\t\t<div class=\"wpb_wrapper\">\n\t\t\t<h1 style=\"text-align: left;\"><span style=\"color: #ffffff;\">ODR\u017dIVOST<\/span><\/h1>\n\n\t\t<\/div>\n\t<\/div>\n<\/div><\/div><\/div><\/div><div class=\"ult-spacer spacer-69eba139acb6e\" data-id=\"69eba139acb6e\" data-height=\"80\" data-height-mobile=\"40\" data-height-tab=\"60\" data-height-tab-portrait=\"60\" data-height-mobile-landscape=\"40\" style=\"clear:both;display:block;\"><\/div><div class=\"vc_row wpb_row vc_inner vc_row-fluid\"><div class=\"wpb_column vc_column_container vc_col-sm-3\"><div class=\"vc_column-inner\"><div class=\"wpb_wrapper\">\n\t<div class=\"wpb_text_column wpb_content_element  wpb_animate_when_almost_visible wpb_fadeIn fadeIn new-font\" >\n\t\t<div class=\"wpb_wrapper\">\n\t\t\t<h3>Predanost okoli\u0161u<\/h3>\n\n\t\t<\/div>\n\t<\/div>\n<\/div><\/div><\/div><div class=\"wpb_column vc_column_container vc_col-sm-9\"><div class=\"vc_column-inner\"><div class=\"wpb_wrapper\">\n\t<div class=\"wpb_text_column wpb_content_element  wpb_animate_when_almost_visible wpb_bounceInRight bounceInRight vc_custom_1754471825565\" >\n\t\t<div class=\"wpb_wrapper\">\n\t\t\t<div>\n<p class=\"Corpo\">Ceramica Flaminia je tvrtka koja se isti\u010de ne samo kvalitetom svojih proizvoda, ve\u0107 i sna\u017enim dru\u0161tvenim i ekolo\u0161kim anga\u017emanom. Aktivna na lokalnoj razini, Ceramica Flaminia podr\u017eava i sponzorira doga\u0111anja i sportske manifestacije, pridonose\u0107i dobrobiti i vitalnosti zajednice. Tijekom godina pru\u017eala je podr\u0161ku manjim sportskim klubovima, pokazuju\u0107i trajni interes za razvoj lokalnih aktivnosti.<\/p>\n<\/div>\n\n\t\t<\/div>\n\t<\/div>\n<\/div><\/div><\/div><\/div><div class=\"vc_row wpb_row vc_inner vc_row-fluid\"><div class=\"wpb_column vc_column_container vc_col-sm-12\"><div class=\"vc_column-inner\"><div class=\"wpb_wrapper\"><div class=\"vc_separator wpb_content_element vc_separator_align_center vc_sep_width_100 vc_sep_pos_align_center vc_separator_no_text vc_sep_color_grey vc_custom_1750060328634  vc_custom_1750060328634\" ><span class=\"vc_sep_holder vc_sep_holder_l\"><span  class=\"vc_sep_line\"><\/span><\/span><span class=\"vc_sep_holder vc_sep_holder_r\"><span  class=\"vc_sep_line\"><\/span><\/span>\n<\/div><\/div><\/div><\/div><\/div><div class=\"vc_row wpb_row vc_inner vc_row-fluid\"><div class=\"wpb_column vc_column_container vc_col-sm-3\"><div class=\"vc_column-inner\"><div class=\"wpb_wrapper\">\n\t<div class=\"wpb_text_column wpb_content_element  wpb_animate_when_almost_visible wpb_fadeIn fadeIn new-font\" >\n\t\t<div class=\"wpb_wrapper\">\n\t\t\t<h3>Zelena Budu\u0107nost<\/h3>\n\n\t\t<\/div>\n\t<\/div>\n<\/div><\/div><\/div><div class=\"wpb_column vc_column_container vc_col-sm-9\"><div class=\"vc_column-inner\"><div class=\"wpb_wrapper\">\n\t<div class=\"wpb_text_column wpb_content_element  wpb_animate_when_almost_visible wpb_bounceInRight bounceInRight vc_custom_1754471866245 newfont\" >\n\t\t<div class=\"wpb_wrapper\">\n\t\t\t<div>\n<p class=\"Corpo\">Ceramica Flaminia \u010dvrsto vjeruje u odr\u017eivu budu\u0107nost i poduzela je zna\u010dajne mjere kako bi smanjila svoj utjecaj na okoli\u0161. Tvrtka je investirala u potpuno elektri\u010dna transportna vozila za rukovanje robom, \u010dime se smanjuju emisije ugljika i doprinosi \u010di\u0161\u0107em okoli\u0161u. Osim toga, instalirala je sna\u017ean fotonaponski sustav koji omogu\u0107uje kori\u0161tenje solarne energije te znatno smanjuje upotrebu neobnovljivih izvora energije.<\/p>\n<\/div>\n<div>\n<p class=\"Corpo\">U suradnji s lokalnom upravom, Ceramica Flaminia sudjelovala je u stvaranju jedne od prvih energetskih zajednica. Ovaj inovativni projekt ima za cilj promicati zajedni\u010dko i odr\u017eivo kori\u0161tenje energetskih resursa, okupljaju\u0107i napore poduze\u0107a i gra\u0111ana za zeleniju budu\u0107nost.<\/p>\n<\/div>\n\n\t\t<\/div>\n\t<\/div>\n<\/div><\/div><\/div><\/div><div class=\"vc_row wpb_row vc_inner vc_row-fluid\"><div class=\"wpb_column vc_column_container vc_col-sm-12\"><div class=\"vc_column-inner\"><div class=\"wpb_wrapper\"><div class=\"vc_separator wpb_content_element vc_separator_align_center vc_sep_width_100 vc_sep_pos_align_center vc_separator_no_text vc_sep_color_grey vc_custom_1750060328634  vc_custom_1750060328634\" ><span class=\"vc_sep_holder vc_sep_holder_l\"><span  class=\"vc_sep_line\"><\/span><\/span><span class=\"vc_sep_holder vc_sep_holder_r\"><span  class=\"vc_sep_line\"><\/span><\/span>\n<\/div><\/div><\/div><\/div><\/div><div class=\"vc_row wpb_row vc_inner vc_row-fluid\"><div class=\"wpb_column vc_column_container vc_col-sm-3\"><div class=\"vc_column-inner\"><div class=\"wpb_wrapper\">\n\t<div class=\"wpb_text_column wpb_content_element  wpb_animate_when_almost_visible wpb_fadeIn fadeIn new-font\" >\n\t\t<div class=\"wpb_wrapper\">\n\t\t\t<h3>Kru\u017eno Gospodarstvo<\/h3>\n\n\t\t<\/div>\n\t<\/div>\n<\/div><\/div><\/div><div class=\"wpb_column vc_column_container vc_col-sm-9\"><div class=\"vc_column-inner\"><div class=\"wpb_wrapper\">\n\t<div class=\"wpb_text_column wpb_content_element  wpb_animate_when_almost_visible wpb_bounceInRight bounceInRight vc_custom_1754471909972 newfont\" >\n\t\t<div class=\"wpb_wrapper\">\n\t\t\t<div>\n<p class=\"Corpo\">Tvrtka sna\u017eno vjeruje u kru\u017eno gospodarstvo \u2013 model proizvodnje i potro\u0161nje koji uklju\u010duje dijeljenje, ponovnu uporabu, popravak, obnovu i recikliranje postoje\u0107ih materijala i proizvoda. Ceramica Flaminia reciklira vlastiti otpad sura\u0111uju\u0107i s tvrtkama specijaliziranim za ponovnu uporabu plastike, drva, papira i inertnih materijala. Ova praksa ne samo da smanjuje utjecaj na okoli\u0161, ve\u0107 tako\u0111er stvara vrijednost i nove gospodarske prilike kroz odgovorno upravljanje resursima.<\/p>\n<\/div>\n<div>\n<p class=\"Corpo\">U sa\u017eetku, Ceramica Flaminia je primjer kako tvrtke mogu imati klju\u010dnu ulogu u promicanju odr\u017eivijeg i uklju\u010divijeg dru\u0161tva. Svojim dru\u0161tvenim anga\u017emanom i ekolo\u0161kim inicijativama tvrtka nastavlja inspirirati i poticati pozitivne promjene u zajednici i \u0161ire.<\/p>\n<\/div>\n\n\t\t<\/div>\n\t<\/div>\n<\/div><\/div><\/div><\/div><div class=\"ult-spacer spacer-69eba139ad8fa\" data-id=\"69eba139ad8fa\" data-height=\"80\" data-height-mobile=\"40\" data-height-tab=\"60\" data-height-tab-portrait=\"60\" data-height-mobile-landscape=\"40\" style=\"clear:both;display:block;\"><\/div><div class=\"vc_separator wpb_content_element vc_separator_align_center vc_sep_width_100 vc_sep_pos_align_center vc_separator_no_text vc_sep_color_grey vc_custom_1750060328634  vc_custom_1750060328634\" ><span class=\"vc_sep_holder vc_sep_holder_l\"><span  class=\"vc_sep_line\"><\/span><\/span><span class=\"vc_sep_holder vc_sep_holder_r\"><span  class=\"vc_sep_line\"><\/span><\/span>\n<\/div>\n\t<div class=\"wpb_text_column wpb_content_element  wpb_animate_when_almost_visible wpb_bounceInRight bounceInRight vc_custom_1754553327172 newfont\" >\n\t\t<div class=\"wpb_wrapper\">\n\t\t\t<p data-start=\"470\" data-end=\"651\">Ceramica Flaminia collabora esclusivamente con aziende produttive facenti parte di <strong data-start=\"553\" data-end=\"579\">Confindustria Ceramica<\/strong>, che ottemperano alla <strong data-start=\"602\" data-end=\"648\">Dichiarazione Ambientale di Prodotto (EPD)<\/strong>.<\/p>\n<p data-start=\"658\" data-end=\"718\">\ud83d\udc49 <span style=\"color: #999999;\"><a class=\"cursor-pointer\" style=\"color: #999999;\" href=\"http:\/\/www.ceramicaflaminia.com\/wp-content\/uploads\/2025\/08\/MR-EPDITALY0064-1.pdf\" target=\"_blank\" rel=\"noopener\" data-start=\"661\" data-end=\"718\">Scarica la dichiarazione tecnica EPD<\/a><\/span><\/p>\n\n\t\t<\/div>\n\t<\/div>\n<div class=\"ult-spacer spacer-69eba139ada38\" data-id=\"69eba139ada38\" data-height=\"80\" data-height-mobile=\"40\" data-height-tab=\"60\" data-height-tab-portrait=\"60\" data-height-mobile-landscape=\"40\" style=\"clear:both;display:block;\"><\/div><\/div><\/div><\/div><\/div><!-- Row Backgrounds --><div class=\"upb_bg_img\" data-ultimate-bg=\"url(https:\/\/www.ceramicaflaminia.com\/wp-content\/uploads\/2025\/08\/sfondoeventi-scaled.jpg)\" data-image-id=\"id^2955|url^http:\/\/www.ceramicaflaminia.com\/wp-content\/uploads\/2025\/08\/sfondoeventi-scaled.jpg|caption^null|alt^null|title^sfondoeventi|description^null\" data-ultimate-bg-style=\"vcpb-default\" data-bg-img-repeat=\"no-repeat\" data-bg-img-size=\"cover\" data-bg-img-position=\"\" data-parallx_sense=\"30\" data-bg-override=\"ex-full\" data-bg_img_attach=\"scroll\" data-upb-overlay-color=\"rgba(255,255,255,0.59)\" data-upb-bg-animation=\"\" data-fadeout=\"\" data-bg-animation=\"left-animation\" data-bg-animation-type=\"h\" data-animation-repeat=\"repeat\" data-fadeout-percentage=\"30\" data-parallax-content=\"\" data-parallax-content-sense=\"30\" data-row-effect-mobile-disable=\"true\" data-img-parallax-mobile-disable=\"true\" data-rtl=\"false\"  data-custom-vc-row=\"\"  data-vc=\"6.4.1\"  data-is_old_vc=\"\"  data-theme-support=\"\"   data-overlay=\"true\" data-overlay-color=\"rgba(255,255,255,0.59)\" data-overlay-pattern=\"\" data-overlay-pattern-opacity=\"0.8\" data-overlay-pattern-size=\"\" data-overlay-pattern-attachment=\"scroll\"    ><\/div>","protected":false},"excerpt":{"rendered":"<p>SOSTENIBILIT\u00c1 Impegno per l&#8217;ambiente Ceramica Flaminia \u00e8 un&#8217;azienda che non solo si distingue per la qualit\u00e0 dei suoi prodotti, ma anche per il suo forte impegno sociale e ambientale. Attiva a livello locale, Ceramica Flaminia sostiene e sponsorizza eventi e manifestazioni sportive, contribuendo al benessere e alla vitalit\u00e0 della comunit\u00e0. Negli anni, ha fornito supporto&hellip;<\/p>","protected":false},"author":2,"featured_media":0,"parent":0,"menu_order":0,"comment_status":"closed","ping_status":"closed","template":"","meta":{"footnotes":""},"class_list":["post-2991","page","type-page","status-publish","hentry","description-off"],"_links":{"self":[{"href":"https:\/\/www.ceramicaflaminia.com\/hr\/wp-json\/wp\/v2\/pages\/2991","targetHints":{"allow":["GET"]}}],"collection":[{"href":"https:\/\/www.ceramicaflaminia.com\/hr\/wp-json\/wp\/v2\/pages"}],"about":[{"href":"https:\/\/www.ceramicaflaminia.com\/hr\/wp-json\/wp\/v2\/types\/page"}],"author":[{"embeddable":true,"href":"https:\/\/www.ceramicaflaminia.com\/hr\/wp-json\/wp\/v2\/users\/2"}],"replies":[{"embeddable":true,"href":"https:\/\/www.ceramicaflaminia.com\/hr\/wp-json\/wp\/v2\/comments?post=2991"}],"version-history":[{"count":0,"href":"https:\/\/www.ceramicaflaminia.com\/hr\/wp-json\/wp\/v2\/pages\/2991\/revisions"}],"wp:attachment":[{"href":"https:\/\/www.ceramicaflaminia.com\/hr\/wp-json\/wp\/v2\/media?parent=2991"}],"curies":[{"name":"wp","href":"https:\/\/api.w.org\/{rel}","templated":true}]}}