{"id":811,"date":"2019-07-01T14:06:02","date_gmt":"2019-07-01T18:06:02","guid":{"rendered":"https:\/\/the7.io\/church\/?page_id=811"},"modified":"2025-08-08T11:14:00","modified_gmt":"2025-08-08T09:14:00","slug":"home-1","status":"publish","type":"page","link":"https:\/\/www.ceramicaflaminia.com\/fr\/","title":{"rendered":"Home 1"},"content":{"rendered":"<div class=\"vc_row wpb_row vc_row-fluid vc_custom_1751881256356\"><div class=\"wpb_column vc_column_container vc_col-sm-12\"><div class=\"vc_column-inner\"><div class=\"wpb_wrapper\"><div class=\"vc_row wpb_row vc_inner vc_row-fluid vc_custom_1750229196518\"><div class=\"wpb_column vc_column_container vc_col-sm-12\"><div class=\"vc_column-inner\"><div class=\"wpb_wrapper\">\n\t<div class=\"wpb_text_column wpb_content_element  vc_custom_1751881489799 new-font\" >\n\t\t<div class=\"wpb_wrapper\">\n\t\t\t<h2 style=\"text-align: left;\"><span style=\"color: #636363;\">Notre Histoire<\/span><\/h2>\n\n\t\t<\/div>\n\t<\/div>\n<div class=\"ult-spacer spacer-6a045210ee364\" data-id=\"6a045210ee364\" data-height=\"65\" data-height-mobile=\"30\" data-height-tab=\"40\" data-height-tab-portrait=\"40\" data-height-mobile-landscape=\"30\" style=\"clear:both;display:block;\"><\/div><\/div><\/div><\/div><\/div><div class=\"vc_row wpb_row vc_inner vc_row-fluid\"><div class=\"wpb_column vc_column_container vc_col-sm-3\"><div class=\"vc_column-inner\"><div class=\"wpb_wrapper\">\n\t<div  class=\"wpb_single_image wpb_content_element vc_align_right  wpb_animate_when_almost_visible wpb_bounceInLeft bounceInLeft vc_custom_1754644438257\">\n\t\t\n\t\t<figure class=\"wpb_wrapper vc_figure\">\n\t\t\t<div class=\"vc_single_image-wrapper   vc_box_border_grey\"><img loading=\"lazy\" decoding=\"async\" class=\"vc_single_image-img\" src=\"https:\/\/www.ceramicaflaminia.com\/wp-content\/uploads\/2025\/08\/bandiera60-160x160.png\" width=\"160\" height=\"160\" alt=\"bandiera60\" title=\"bandiera60\"  data-dt-location=\"https:\/\/www.ceramicaflaminia.com\/fr\/home-1\/bandiera60\/\" \/><\/div>\n\t\t<\/figure>\n\t<\/div>\n<\/div><\/div><\/div><div class=\"wpb_column vc_column_container vc_col-sm-3\"><div class=\"vc_column-inner\"><div class=\"wpb_wrapper\">\n\t<div class=\"wpb_text_column wpb_content_element  wpb_animate_when_almost_visible wpb_fadeIn fadeIn new-font\" >\n\t\t<div class=\"wpb_wrapper\">\n\t\t\t<h3>Le D\u00e9but de l'Aventure<\/h3>\n\n\t\t<\/div>\n\t<\/div>\n<\/div><\/div><\/div><div class=\"wpb_column vc_column_container vc_col-sm-6\"><div class=\"vc_column-inner\"><div class=\"wpb_wrapper\">\n\t<div class=\"wpb_text_column wpb_content_element  wpb_animate_when_almost_visible wpb_bounceInRight bounceInRight vc_custom_1754548491806\" >\n\t\t<div class=\"wpb_wrapper\">\n\t\t\t<p><span style=\"color: #333333;\">Ceramica Flaminia est n\u00e9e dans les ann\u00e9es 1960 au c\u0153ur du district c\u00e9ramique de Sassuolo, une zone reconnue dans le monde entier comme la plus importante pour la production de c\u00e9ramiques de haute qualit\u00e9. D\u00e8s ses d\u00e9buts, l\u2019entreprise a d\u00e9montr\u00e9 une capacit\u00e9 remarquable d\u2019adaptation, se r\u00e9inventant pour r\u00e9pondre aux besoins changeants du march\u00e9. Cet esprit d\u2019innovation a permis \u00e0 Ceramica Flaminia de cro\u00eetre et de prosp\u00e9rer au fil des d\u00e9cennies.<\/span><\/p>\n\n\t\t<\/div>\n\t<\/div>\n<\/div><\/div><\/div><\/div><div class=\"vc_row wpb_row vc_inner vc_row-fluid\"><div class=\"wpb_column vc_column_container vc_col-sm-12\"><div class=\"vc_column-inner\"><div class=\"wpb_wrapper\"><div class=\"vc_separator wpb_content_element vc_separator_align_center vc_sep_width_100 vc_sep_pos_align_center vc_separator_no_text vc_sep_color_grey vc_custom_1750060328634  vc_custom_1750060328634\" ><span class=\"vc_sep_holder vc_sep_holder_l\"><span  class=\"vc_sep_line\"><\/span><\/span><span class=\"vc_sep_holder vc_sep_holder_r\"><span  class=\"vc_sep_line\"><\/span><\/span>\n<\/div><\/div><\/div><\/div><\/div><div class=\"vc_row wpb_row vc_inner vc_row-fluid\"><div class=\"wpb_column vc_column_container vc_col-sm-3\"><div class=\"vc_column-inner\"><div class=\"wpb_wrapper\">\n\t<div  class=\"wpb_single_image wpb_content_element vc_align_right  wpb_animate_when_almost_visible wpb_bounceInLeft bounceInLeft vc_custom_1750229810813\">\n\t\t\n\t\t<figure class=\"wpb_wrapper vc_figure\">\n\t\t\t<div class=\"vc_single_image-wrapper   vc_box_border_grey\"><img loading=\"lazy\" decoding=\"async\" class=\"vc_single_image-img\" src=\"https:\/\/www.ceramicaflaminia.com\/wp-content\/uploads\/2025\/06\/lampadina-160x160.png\" width=\"160\" height=\"160\" alt=\"lampadina\" title=\"lampadina\"  data-dt-location=\"https:\/\/www.ceramicaflaminia.com\/fr\/home-1\/lampadina\/\" \/><\/div>\n\t\t<\/figure>\n\t<\/div>\n<\/div><\/div><\/div><div class=\"wpb_column vc_column_container vc_col-sm-3\"><div class=\"vc_column-inner\"><div class=\"wpb_wrapper\">\n\t<div class=\"wpb_text_column wpb_content_element  wpb_animate_when_almost_visible wpb_fadeIn fadeIn new-font\" >\n\t\t<div class=\"wpb_wrapper\">\n\t\t\t<h3>Innovation et Adaptation<\/h3>\n\n\t\t<\/div>\n\t<\/div>\n<\/div><\/div><\/div><div class=\"wpb_column vc_column_container vc_col-sm-6\"><div class=\"vc_column-inner\"><div class=\"wpb_wrapper\">\n\t<div class=\"wpb_text_column wpb_content_element  wpb_animate_when_almost_visible wpb_bounceInRight bounceInRight vc_custom_1752129577925 newfont\" >\n\t\t<div class=\"wpb_wrapper\">\n\t\t\t<p><span style=\"color: #333333;\">Au fil des ann\u00e9es, Ceramica Flaminia a su anticiper et suivre les tendances du march\u00e9, en investissant dans la technologie, la recherche et le d\u00e9veloppement.<\/span><\/p>\n<p><span style=\"color: #333333;\">Sa capacit\u00e9 d\u2019adaptation a \u00e9t\u00e9 essentielle pour maintenir l\u2019entreprise comp\u00e9titive et \u00e0 la pointe pendant plusieurs d\u00e9cennies.<\/span><\/p>\n\n\t\t<\/div>\n\t<\/div>\n<\/div><\/div><\/div><\/div><div class=\"vc_row wpb_row vc_inner vc_row-fluid\"><div class=\"wpb_column vc_column_container vc_col-sm-12\"><div class=\"vc_column-inner\"><div class=\"wpb_wrapper\"><div class=\"vc_separator wpb_content_element vc_separator_align_center vc_sep_width_100 vc_sep_pos_align_center vc_separator_no_text vc_sep_color_grey vc_custom_1750060328634  vc_custom_1750060328634\" ><span class=\"vc_sep_holder vc_sep_holder_l\"><span  class=\"vc_sep_line\"><\/span><\/span><span class=\"vc_sep_holder vc_sep_holder_r\"><span  class=\"vc_sep_line\"><\/span><\/span>\n<\/div><\/div><\/div><\/div><\/div><div class=\"vc_row wpb_row vc_inner vc_row-fluid\"><div class=\"wpb_column vc_column_container vc_col-sm-3\"><div class=\"vc_column-inner\"><div class=\"wpb_wrapper\">\n\t<div  class=\"wpb_single_image wpb_content_element vc_align_right  wpb_animate_when_almost_visible wpb_bounceInLeft bounceInLeft vc_custom_1750229722484\">\n\t\t\n\t\t<figure class=\"wpb_wrapper vc_figure\">\n\t\t\t<div class=\"vc_single_image-wrapper   vc_box_border_grey\"><img loading=\"lazy\" decoding=\"async\" class=\"vc_single_image-img\" src=\"https:\/\/www.ceramicaflaminia.com\/wp-content\/uploads\/2025\/06\/estern-160x160.png\" width=\"160\" height=\"160\" alt=\"estern\" title=\"estern\"  data-dt-location=\"https:\/\/www.ceramicaflaminia.com\/fr\/home-1\/estern\/\" \/><\/div>\n\t\t<\/figure>\n\t<\/div>\n<\/div><\/div><\/div><div class=\"wpb_column vc_column_container vc_col-sm-3\"><div class=\"vc_column-inner\"><div class=\"wpb_wrapper\">\n\t<div class=\"wpb_text_column wpb_content_element  wpb_animate_when_almost_visible wpb_fadeIn fadeIn new-font\" >\n\t\t<div class=\"wpb_wrapper\">\n\t\t\t<h3>Externalisation Strat\u00e9gique<\/h3>\n\n\t\t<\/div>\n\t<\/div>\n<\/div><\/div><\/div><div class=\"wpb_column vc_column_container vc_col-sm-6\"><div class=\"vc_column-inner\"><div class=\"wpb_wrapper\">\n\t<div class=\"wpb_text_column wpb_content_element  wpb_animate_when_almost_visible wpb_bounceInRight bounceInRight vc_custom_1752129591222 newfont\" >\n\t\t<div class=\"wpb_wrapper\">\n\t\t\t<p><span style=\"color: #333333; font-family: Roboto, Helvetica, Arial, Verdana, sans-serif; font-size: medium;\">Plus r\u00e9cemment, l\u2019entreprise a pris la d\u00e9cision strat\u00e9gique d\u2019externaliser la production vers d\u2019autres industries locales. Ce choix lui a permis de s\u00e9lectionner ses fournisseurs en fonction de leurs points forts, cr\u00e9ant ainsi des synergies essentielles.<\/span><\/p>\n<p><span style=\"color: #333333; font-family: Roboto, Helvetica, Arial, Verdana, sans-serif; font-size: medium;\">De ces synergies et de la pr\u00e9sence constante sur les march\u00e9s internationaux d\u00e9coule le choix de formats et de surfaces les mieux accueillis par le march\u00e9.<\/span><\/p>\n\n\t\t<\/div>\n\t<\/div>\n<\/div><\/div><\/div><\/div><div class=\"vc_row wpb_row vc_inner vc_row-fluid\"><div class=\"wpb_column vc_column_container vc_col-sm-12\"><div class=\"vc_column-inner\"><div class=\"wpb_wrapper\"><div class=\"vc_separator wpb_content_element vc_separator_align_center vc_sep_width_100 vc_sep_pos_align_center vc_separator_no_text vc_sep_color_grey vc_custom_1750060328634  vc_custom_1750060328634\" ><span class=\"vc_sep_holder vc_sep_holder_l\"><span  class=\"vc_sep_line\"><\/span><\/span><span class=\"vc_sep_holder vc_sep_holder_r\"><span  class=\"vc_sep_line\"><\/span><\/span>\n<\/div><\/div><\/div><\/div><\/div><div class=\"vc_row wpb_row vc_inner vc_row-fluid\"><div class=\"wpb_column vc_column_container vc_col-sm-3\"><div class=\"vc_column-inner\"><div class=\"wpb_wrapper\">\n\t<div  class=\"wpb_single_image wpb_content_element vc_align_right  wpb_animate_when_almost_visible wpb_bounceInLeft bounceInLeft vc_custom_1750229730752\">\n\t\t\n\t\t<figure class=\"wpb_wrapper vc_figure\">\n\t\t\t<div class=\"vc_single_image-wrapper   vc_box_border_grey\"><img loading=\"lazy\" decoding=\"async\" class=\"vc_single_image-img\" src=\"https:\/\/www.ceramicaflaminia.com\/wp-content\/uploads\/2025\/06\/furgo-160x160.png\" width=\"160\" height=\"160\" alt=\"furgo\" title=\"furgo\"  data-dt-location=\"https:\/\/www.ceramicaflaminia.com\/fr\/home-1\/furgo\/\" \/><\/div>\n\t\t<\/figure>\n\t<\/div>\n<\/div><\/div><\/div><div class=\"wpb_column vc_column_container vc_col-sm-3\"><div class=\"vc_column-inner\"><div class=\"wpb_wrapper\">\n\t<div class=\"wpb_text_column wpb_content_element  wpb_animate_when_almost_visible wpb_fadeIn fadeIn new-font\" >\n\t\t<div class=\"wpb_wrapper\">\n\t\t\t<h3>Rapidit\u00e9 et Disponibilit\u00e9<\/h3>\n\n\t\t<\/div>\n\t<\/div>\n<\/div><\/div><\/div><div class=\"wpb_column vc_column_container vc_col-sm-6\"><div class=\"vc_column-inner\"><div class=\"wpb_wrapper\">\n\t<div class=\"wpb_text_column wpb_content_element  wpb_animate_when_almost_visible wpb_bounceInRight bounceInRight vc_custom_1752129610618 newfont\" >\n\t\t<div class=\"wpb_wrapper\">\n\t\t\t<p><span style=\"color: #333333;\">Un autre atout de Flaminia est la grande disponibilit\u00e9 de marchandises dans ses entrep\u00f4ts, en grande partie stock\u00e9es \u00e0 l\u2019abri, ce qui garantit des livraisons rapides.<\/span><\/p>\n<p><span style=\"color: #333333; font-family: Roboto, Helvetica, Arial, Verdana, sans-serif; font-size: medium;\">Les collections sont tr\u00e8s cibl\u00e9es, tant sur le plan esth\u00e9tique que dans le nombre de formats et de finitions, faisant de la simplicit\u00e9 un atout majeur de la marque.<\/span><\/p>\n<p><span style=\"color: #333333; font-family: Roboto, Helvetica, Arial, Verdana, sans-serif; font-size: medium;\">L\u2019attention port\u00e9e au service est une autre caract\u00e9ristique distinctive de l\u2019entreprise, qui fait de la qualit\u00e9 du produit une r\u00e8gle fondamentale.<\/span><\/p>\n\n\t\t<\/div>\n\t<\/div>\n<\/div><\/div><\/div><\/div><div class=\"vc_row wpb_row vc_inner vc_row-fluid\"><div class=\"wpb_column vc_column_container vc_col-sm-12\"><div class=\"vc_column-inner\"><div class=\"wpb_wrapper\"><div class=\"vc_separator wpb_content_element vc_separator_align_center vc_sep_width_100 vc_sep_pos_align_center vc_separator_no_text vc_sep_color_grey vc_custom_1750060328634  vc_custom_1750060328634\" ><span class=\"vc_sep_holder vc_sep_holder_l\"><span  class=\"vc_sep_line\"><\/span><\/span><span class=\"vc_sep_holder vc_sep_holder_r\"><span  class=\"vc_sep_line\"><\/span><\/span>\n<\/div><\/div><\/div><\/div><\/div><\/div><\/div><\/div><\/div><!-- Row Backgrounds --><div class=\"upb_bg_img\" data-ultimate-bg=\"url(https:\/\/www.ceramicaflaminia.com\/wp-content\/uploads\/2025\/06\/VECCHIO-STABILIMENTO_2SFONDO-scaled.jpg)\" data-image-id=\"id^2117|url^http:\/\/www.ceramicaflaminia.com\/wp-content\/uploads\/2025\/06\/VECCHIO-STABILIMENTO_2SFONDO-scaled.jpg|caption^null|alt^null|title^VECCHIO-STABILIMENTO_2SFONDO|description^null\" data-ultimate-bg-style=\"vcpb-default\" data-bg-img-repeat=\"no-repeat\" data-bg-img-size=\"cover\" data-bg-img-position=\"\" data-parallx_sense=\"30\" data-bg-override=\"ex-full\" data-bg_img_attach=\"scroll\" data-upb-overlay-color=\"\" data-upb-bg-animation=\"\" data-fadeout=\"\" data-bg-animation=\"left-animation\" data-bg-animation-type=\"h\" data-animation-repeat=\"repeat\" data-fadeout-percentage=\"30\" data-parallax-content=\"\" data-parallax-content-sense=\"30\" data-row-effect-mobile-disable=\"true\" data-img-parallax-mobile-disable=\"true\" data-rtl=\"false\"  data-custom-vc-row=\"\"  data-vc=\"6.4.1\"  data-is_old_vc=\"\"  data-theme-support=\"\"   data-overlay=\"false\" data-overlay-color=\"\" data-overlay-pattern=\"\" data-overlay-pattern-opacity=\"\" data-overlay-pattern-size=\"\"    ><\/div>","protected":false},"excerpt":{"rendered":"<p>La Nostra Storia L&#8217;inizio dell&#8217;avventura Ceramica Flaminia nasce negli anni \u201960 nel cuore del comprensorio ceramico di Sassuolo, area riconosciuta a livello mondiale come la pi\u00f9 importante \u00a0per la produzione di ceramiche di alta qualit\u00e0. Fin dai suoi esordi, l\u2019azienda ha dimostrato una sorprendente capacit\u00e0 di adattamento, reinventandosi per rispondere alle mutevoli esigenze del mercato.&hellip;<\/p>","protected":false},"author":2,"featured_media":0,"parent":0,"menu_order":0,"comment_status":"closed","ping_status":"closed","template":"","meta":{"footnotes":""},"class_list":["post-811","page","type-page","status-publish","hentry","description-off"],"_links":{"self":[{"href":"https:\/\/www.ceramicaflaminia.com\/fr\/wp-json\/wp\/v2\/pages\/811","targetHints":{"allow":["GET"]}}],"collection":[{"href":"https:\/\/www.ceramicaflaminia.com\/fr\/wp-json\/wp\/v2\/pages"}],"about":[{"href":"https:\/\/www.ceramicaflaminia.com\/fr\/wp-json\/wp\/v2\/types\/page"}],"author":[{"embeddable":true,"href":"https:\/\/www.ceramicaflaminia.com\/fr\/wp-json\/wp\/v2\/users\/2"}],"replies":[{"embeddable":true,"href":"https:\/\/www.ceramicaflaminia.com\/fr\/wp-json\/wp\/v2\/comments?post=811"}],"version-history":[{"count":0,"href":"https:\/\/www.ceramicaflaminia.com\/fr\/wp-json\/wp\/v2\/pages\/811\/revisions"}],"wp:attachment":[{"href":"https:\/\/www.ceramicaflaminia.com\/fr\/wp-json\/wp\/v2\/media?parent=811"}],"curies":[{"name":"wp","href":"https:\/\/api.w.org\/{rel}","templated":true}]}}