{"id":2991,"date":"2025-08-06T11:18:52","date_gmt":"2025-08-06T09:18:52","guid":{"rendered":"https:\/\/www.ceramicaflaminia.com\/?page_id=2991"},"modified":"2025-08-07T09:55:29","modified_gmt":"2025-08-07T07:55:29","slug":"sostenibilita","status":"publish","type":"page","link":"https:\/\/www.ceramicaflaminia.com\/fr\/sostenibilita\/","title":{"rendered":"Durabilit\u00e9"},"content":{"rendered":"<div class=\"vc_row wpb_row vc_row-fluid vc_custom_1754464904648\"><div class=\"wpb_column vc_column_container vc_col-sm-12\"><div class=\"vc_column-inner\"><div class=\"wpb_wrapper\"><div class=\"vc_row wpb_row vc_inner vc_row-fluid vc_custom_1754471783584 vc_row-has-fill\"><div class=\"wpb_column vc_column_container vc_col-sm-12\"><div class=\"vc_column-inner\"><div class=\"wpb_wrapper\">\n\t<div class=\"wpb_text_column wpb_content_element  vc_custom_1754471755064 new-font\" >\n\t\t<div class=\"wpb_wrapper\">\n\t\t\t<h1 style=\"text-align: left;\"><span style=\"color: #ffffff;\">DURABILIT\u00c9<\/span><\/h1>\n\n\t\t<\/div>\n\t<\/div>\n<\/div><\/div><\/div><\/div><div class=\"ult-spacer spacer-69eba4d901b68\" data-id=\"69eba4d901b68\" data-height=\"80\" data-height-mobile=\"40\" data-height-tab=\"60\" data-height-tab-portrait=\"60\" data-height-mobile-landscape=\"40\" style=\"clear:both;display:block;\"><\/div><div class=\"vc_row wpb_row vc_inner vc_row-fluid\"><div class=\"wpb_column vc_column_container vc_col-sm-3\"><div class=\"vc_column-inner\"><div class=\"wpb_wrapper\">\n\t<div class=\"wpb_text_column wpb_content_element  wpb_animate_when_almost_visible wpb_fadeIn fadeIn new-font\" >\n\t\t<div class=\"wpb_wrapper\">\n\t\t\t<h3>Engagement pour l\u2019Environnement<\/h3>\n\n\t\t<\/div>\n\t<\/div>\n<\/div><\/div><\/div><div class=\"wpb_column vc_column_container vc_col-sm-9\"><div class=\"vc_column-inner\"><div class=\"wpb_wrapper\">\n\t<div class=\"wpb_text_column wpb_content_element  wpb_animate_when_almost_visible wpb_bounceInRight bounceInRight vc_custom_1754471825565\" >\n\t\t<div class=\"wpb_wrapper\">\n\t\t\t<div>\n<p class=\"Corpo\">Ceramica Flaminia est une entreprise qui se distingue non seulement par la qualit\u00e9 de ses produits, mais aussi par son fort engagement social et environnemental. Active au niveau local, Ceramica Flaminia soutient et sponsorise des \u00e9v\u00e9nements et des manifestations sportives, contribuant au bien-\u00eatre et au dynamisme de la communaut\u00e9. Au fil des ann\u00e9es, elle a apport\u00e9 son soutien \u00e0 de petits clubs sportifs, t\u00e9moignant d\u2019un int\u00e9r\u00eat constant pour le d\u00e9veloppement des activit\u00e9s locales.<\/p>\n<\/div>\n\n\t\t<\/div>\n\t<\/div>\n<\/div><\/div><\/div><\/div><div class=\"vc_row wpb_row vc_inner vc_row-fluid\"><div class=\"wpb_column vc_column_container vc_col-sm-12\"><div class=\"vc_column-inner\"><div class=\"wpb_wrapper\"><div class=\"vc_separator wpb_content_element vc_separator_align_center vc_sep_width_100 vc_sep_pos_align_center vc_separator_no_text vc_sep_color_grey vc_custom_1750060328634  vc_custom_1750060328634\" ><span class=\"vc_sep_holder vc_sep_holder_l\"><span  class=\"vc_sep_line\"><\/span><\/span><span class=\"vc_sep_holder vc_sep_holder_r\"><span  class=\"vc_sep_line\"><\/span><\/span>\n<\/div><\/div><\/div><\/div><\/div><div class=\"vc_row wpb_row vc_inner vc_row-fluid\"><div class=\"wpb_column vc_column_container vc_col-sm-3\"><div class=\"vc_column-inner\"><div class=\"wpb_wrapper\">\n\t<div class=\"wpb_text_column wpb_content_element  wpb_animate_when_almost_visible wpb_fadeIn fadeIn new-font\" >\n\t\t<div class=\"wpb_wrapper\">\n\t\t\t<h3>Un Futur Vert<\/h3>\n\n\t\t<\/div>\n\t<\/div>\n<\/div><\/div><\/div><div class=\"wpb_column vc_column_container vc_col-sm-9\"><div class=\"vc_column-inner\"><div class=\"wpb_wrapper\">\n\t<div class=\"wpb_text_column wpb_content_element  wpb_animate_when_almost_visible wpb_bounceInRight bounceInRight vc_custom_1754471866245 newfont\" >\n\t\t<div class=\"wpb_wrapper\">\n\t\t\t<div>\n<p class=\"Corpo\">Ceramica Flaminia croit fermement en un avenir durable et a entrepris des actions concr\u00e8tes pour r\u00e9duire son impact environnemental. L\u2019entreprise a investi dans des v\u00e9hicules de manutention enti\u00e8rement \u00e9lectriques, r\u00e9duisant ainsi les \u00e9missions de carbone et contribuant \u00e0 un environnement plus propre. Elle a \u00e9galement install\u00e9 une puissante installation photovolta\u00efque, lui permettant d\u2019exploiter l\u2019\u00e9nergie solaire et de r\u00e9duire consid\u00e9rablement l\u2019utilisation de sources d\u2019\u00e9nergie non renouvelables.<\/p>\n<\/div>\n<div>\n<p class=\"Corpo\">En collaboration avec l\u2019administration locale, Ceramica Flaminia a particip\u00e9 \u00e0 la cr\u00e9ation de l\u2019une des premi\u00e8res communaut\u00e9s \u00e9nerg\u00e9tiques. Ce projet innovant vise \u00e0 promouvoir une utilisation partag\u00e9e et durable des ressources \u00e9nerg\u00e9tiques, en r\u00e9unissant les efforts des entreprises et des citoyens pour un avenir plus vert.<\/p>\n<\/div>\n\n\t\t<\/div>\n\t<\/div>\n<\/div><\/div><\/div><\/div><div class=\"vc_row wpb_row vc_inner vc_row-fluid\"><div class=\"wpb_column vc_column_container vc_col-sm-12\"><div class=\"vc_column-inner\"><div class=\"wpb_wrapper\"><div class=\"vc_separator wpb_content_element vc_separator_align_center vc_sep_width_100 vc_sep_pos_align_center vc_separator_no_text vc_sep_color_grey vc_custom_1750060328634  vc_custom_1750060328634\" ><span class=\"vc_sep_holder vc_sep_holder_l\"><span  class=\"vc_sep_line\"><\/span><\/span><span class=\"vc_sep_holder vc_sep_holder_r\"><span  class=\"vc_sep_line\"><\/span><\/span>\n<\/div><\/div><\/div><\/div><\/div><div class=\"vc_row wpb_row vc_inner vc_row-fluid\"><div class=\"wpb_column vc_column_container vc_col-sm-3\"><div class=\"vc_column-inner\"><div class=\"wpb_wrapper\">\n\t<div class=\"wpb_text_column wpb_content_element  wpb_animate_when_almost_visible wpb_fadeIn fadeIn new-font\" >\n\t\t<div class=\"wpb_wrapper\">\n\t\t\t<h3>\u00c9conomie Circulaire<\/h3>\n\n\t\t<\/div>\n\t<\/div>\n<\/div><\/div><\/div><div class=\"wpb_column vc_column_container vc_col-sm-9\"><div class=\"vc_column-inner\"><div class=\"wpb_wrapper\">\n\t<div class=\"wpb_text_column wpb_content_element  wpb_animate_when_almost_visible wpb_bounceInRight bounceInRight vc_custom_1754471909972 newfont\" >\n\t\t<div class=\"wpb_wrapper\">\n\t\t\t<div>\n<p class=\"Corpo\">L\u2019entreprise croit fermement en l\u2019\u00e9conomie circulaire, un mod\u00e8le de production et de consommation fond\u00e9 sur le partage, la r\u00e9utilisation, la r\u00e9paration, le reconditionnement et le recyclage des mat\u00e9riaux et produits existants. Ceramica Flaminia recycle ses d\u00e9chets en collaboration avec des entreprises sp\u00e9cialis\u00e9es dans la r\u00e9utilisation du plastique, du bois, du papier et des mat\u00e9riaux inertes. Cette pratique permet non seulement de r\u00e9duire l\u2019impact environnemental, mais aussi de cr\u00e9er de la valeur et de nouvelles opportunit\u00e9s \u00e9conomiques gr\u00e2ce \u00e0 une gestion responsable des ressources.<\/p>\n<\/div>\n<div>\n<p class=\"Corpo\">En r\u00e9sum\u00e9, Ceramica Flaminia est un exemple de la mani\u00e8re dont les entreprises peuvent jouer un r\u00f4le essentiel dans la promotion d\u2019une soci\u00e9t\u00e9 plus durable et inclusive. Gr\u00e2ce \u00e0 son engagement social et \u00e0 ses initiatives environnementales, elle continue d\u2019inspirer et de favoriser un changement positif au sein de la communaut\u00e9 et au-del\u00e0.<\/p>\n<\/div>\n\n\t\t<\/div>\n\t<\/div>\n<\/div><\/div><\/div><\/div><div class=\"ult-spacer spacer-69eba4d9028df\" data-id=\"69eba4d9028df\" data-height=\"80\" data-height-mobile=\"40\" data-height-tab=\"60\" data-height-tab-portrait=\"60\" data-height-mobile-landscape=\"40\" style=\"clear:both;display:block;\"><\/div><div class=\"vc_separator wpb_content_element vc_separator_align_center vc_sep_width_100 vc_sep_pos_align_center vc_separator_no_text vc_sep_color_grey vc_custom_1750060328634  vc_custom_1750060328634\" ><span class=\"vc_sep_holder vc_sep_holder_l\"><span  class=\"vc_sep_line\"><\/span><\/span><span class=\"vc_sep_holder vc_sep_holder_r\"><span  class=\"vc_sep_line\"><\/span><\/span>\n<\/div>\n\t<div class=\"wpb_text_column wpb_content_element  wpb_animate_when_almost_visible wpb_bounceInRight bounceInRight vc_custom_1754553327172 newfont\" >\n\t\t<div class=\"wpb_wrapper\">\n\t\t\t<p data-start=\"470\" data-end=\"651\">Ceramica Flaminia collabora esclusivamente con aziende produttive facenti parte di <strong data-start=\"553\" data-end=\"579\">Confindustria Ceramica<\/strong>, che ottemperano alla <strong data-start=\"602\" data-end=\"648\">Dichiarazione Ambientale di Prodotto (EPD)<\/strong>.<\/p>\n<p data-start=\"658\" data-end=\"718\">\ud83d\udc49 <span style=\"color: #999999;\"><a class=\"cursor-pointer\" style=\"color: #999999;\" href=\"http:\/\/www.ceramicaflaminia.com\/wp-content\/uploads\/2025\/08\/MR-EPDITALY0064-1.pdf\" target=\"_blank\" rel=\"noopener\" data-start=\"661\" data-end=\"718\">Scarica la dichiarazione tecnica EPD<\/a><\/span><\/p>\n\n\t\t<\/div>\n\t<\/div>\n<div class=\"ult-spacer spacer-69eba4d902a12\" data-id=\"69eba4d902a12\" data-height=\"80\" data-height-mobile=\"40\" data-height-tab=\"60\" data-height-tab-portrait=\"60\" data-height-mobile-landscape=\"40\" style=\"clear:both;display:block;\"><\/div><\/div><\/div><\/div><\/div><!-- Row Backgrounds --><div class=\"upb_bg_img\" data-ultimate-bg=\"url(https:\/\/www.ceramicaflaminia.com\/wp-content\/uploads\/2025\/08\/sfondoeventi-scaled.jpg)\" data-image-id=\"id^2955|url^http:\/\/www.ceramicaflaminia.com\/wp-content\/uploads\/2025\/08\/sfondoeventi-scaled.jpg|caption^null|alt^null|title^sfondoeventi|description^null\" data-ultimate-bg-style=\"vcpb-default\" data-bg-img-repeat=\"no-repeat\" data-bg-img-size=\"cover\" data-bg-img-position=\"\" data-parallx_sense=\"30\" data-bg-override=\"ex-full\" data-bg_img_attach=\"scroll\" data-upb-overlay-color=\"rgba(255,255,255,0.59)\" data-upb-bg-animation=\"\" data-fadeout=\"\" data-bg-animation=\"left-animation\" data-bg-animation-type=\"h\" data-animation-repeat=\"repeat\" data-fadeout-percentage=\"30\" data-parallax-content=\"\" data-parallax-content-sense=\"30\" data-row-effect-mobile-disable=\"true\" data-img-parallax-mobile-disable=\"true\" data-rtl=\"false\"  data-custom-vc-row=\"\"  data-vc=\"6.4.1\"  data-is_old_vc=\"\"  data-theme-support=\"\"   data-overlay=\"true\" data-overlay-color=\"rgba(255,255,255,0.59)\" data-overlay-pattern=\"\" data-overlay-pattern-opacity=\"0.8\" data-overlay-pattern-size=\"\" data-overlay-pattern-attachment=\"scroll\"    ><\/div>","protected":false},"excerpt":{"rendered":"<p>SOSTENIBILIT\u00c1 Impegno per l&#8217;ambiente Ceramica Flaminia \u00e8 un&#8217;azienda che non solo si distingue per la qualit\u00e0 dei suoi prodotti, ma anche per il suo forte impegno sociale e ambientale. Attiva a livello locale, Ceramica Flaminia sostiene e sponsorizza eventi e manifestazioni sportive, contribuendo al benessere e alla vitalit\u00e0 della comunit\u00e0. Negli anni, ha fornito supporto&hellip;<\/p>","protected":false},"author":2,"featured_media":0,"parent":0,"menu_order":0,"comment_status":"closed","ping_status":"closed","template":"","meta":{"footnotes":""},"class_list":["post-2991","page","type-page","status-publish","hentry","description-off"],"_links":{"self":[{"href":"https:\/\/www.ceramicaflaminia.com\/fr\/wp-json\/wp\/v2\/pages\/2991","targetHints":{"allow":["GET"]}}],"collection":[{"href":"https:\/\/www.ceramicaflaminia.com\/fr\/wp-json\/wp\/v2\/pages"}],"about":[{"href":"https:\/\/www.ceramicaflaminia.com\/fr\/wp-json\/wp\/v2\/types\/page"}],"author":[{"embeddable":true,"href":"https:\/\/www.ceramicaflaminia.com\/fr\/wp-json\/wp\/v2\/users\/2"}],"replies":[{"embeddable":true,"href":"https:\/\/www.ceramicaflaminia.com\/fr\/wp-json\/wp\/v2\/comments?post=2991"}],"version-history":[{"count":0,"href":"https:\/\/www.ceramicaflaminia.com\/fr\/wp-json\/wp\/v2\/pages\/2991\/revisions"}],"wp:attachment":[{"href":"https:\/\/www.ceramicaflaminia.com\/fr\/wp-json\/wp\/v2\/media?parent=2991"}],"curies":[{"name":"wp","href":"https:\/\/api.w.org\/{rel}","templated":true}]}}