{"id":2959,"date":"2025-08-06T09:39:31","date_gmt":"2025-08-06T07:39:31","guid":{"rendered":"https:\/\/www.ceramicaflaminia.com\/?page_id=2959"},"modified":"2025-08-06T10:37:42","modified_gmt":"2025-08-06T08:37:42","slug":"faq","status":"publish","type":"page","link":"https:\/\/www.ceramicaflaminia.com\/fr\/faq\/","title":{"rendered":"FAQ"},"content":{"rendered":"<div class=\"vc_row wpb_row vc_row-fluid vc_custom_1754464904648\"><div class=\"wpb_column vc_column_container vc_col-sm-12\"><div class=\"vc_column-inner\"><div class=\"wpb_wrapper\"><div class=\"vc_row wpb_row vc_inner vc_row-fluid vc_custom_1750229196518\"><div class=\"wpb_column vc_column_container vc_col-sm-12\"><div class=\"vc_column-inner\"><div class=\"wpb_wrapper\">\n\t<div class=\"wpb_text_column wpb_content_element  vc_custom_1754469400470 new-font\" >\n\t\t<div class=\"wpb_wrapper\">\n\t\t\t<h1><span style=\"color: #ffffff;\"><span style=\"caret-color: #ffffff;\">QUESTIONS<br \/>\nFR\u00c9QUENTES<\/span><\/span><\/h1>\n\n\t\t<\/div>\n\t<\/div>\n<\/div><\/div><\/div><\/div>\n\t<div class=\"wpb_text_column wpb_content_element\" >\n\t\t<div class=\"wpb_wrapper\">\n\t\t\t<p>Dans cette section, nous avons regroup\u00e9 les r\u00e9ponses aux questions les plus fr\u00e9quemment pos\u00e9es sur nos produits et services. Notre objectif est de vous offrir des informations claires et imm\u00e9diates, pour vous aider \u00e0 trouver rapidement ce que vous cherchez et \u00e0 r\u00e9soudre d\u2019\u00e9ventuels doutes. Que vous recherchiez des donn\u00e9es techniques, des conseils d\u2019installation ou des informations sur l\u2019entretien, vous trouverez ici des r\u00e9ponses utiles et \u00e0 jour. Si vous ne trouvez pas l\u2019information d\u00e9sir\u00e9e, n\u2019h\u00e9sitez pas \u00e0 nous contacter : notre \u00e9quipe se fera un plaisir de vous apporter une assistance personnalis\u00e9e.<\/p>\n\n\t\t<\/div>\n\t<\/div>\n<div class=\"ult-spacer spacer-69eb9ea2efa42\" data-id=\"69eb9ea2efa42\" data-height=\"80\" data-height-mobile=\"40\" data-height-tab=\"60\" data-height-tab-portrait=\"60\" data-height-mobile-landscape=\"40\" style=\"clear:both;display:block;\"><\/div>\n\t<div class=\"wpb_raw_code wpb_content_element wpb_raw_html\" >\n\t\t<div class=\"wpb_wrapper\">\n\t\t\t<style>\n.flaminia-faq-container {\n  margin-bottom: 20px;\n  border-radius: 8px;\n  padding: 20px;\n  background-color: rgba(87,86,86,0.04);\n  transition: background-color 0.3s ease;\n  cursor: pointer;\n}\n.flaminia-faq-container:hover {\n  background-color: rgba(87,86,86,0.02);\n}\n.flaminia-faq-question {\n  font-size: 18px;\n  font-weight: 600;\n  color: #666;\n  margin: 0;\n}\n.flaminia-faq-answer {\n  display: none;\n  margin-top: 10px;\n  font-size: 16px;\n  color: #333;\n  line-height: 1.6;\n}\n.flaminia-faq-container.active .flaminia-faq-answer {\n  display: block;\n}\n<\/style>\n\n<script>\ndocument.addEventListener('DOMContentLoaded', function () {\n  const faqs = document.querySelectorAll('.flaminia-faq-container');\n  faqs.forEach(faq => {\n    faq.addEventListener('click', () => {\n      faq.classList.toggle('active');\n    });\n  });\n});\n<\/script>\n\n<div class=\"flaminia-faqs\">\n\n  <div class=\"flaminia-faq-container\">\n    <p class=\"flaminia-faq-question\">Qu\u2019est-ce que le gr\u00e8s c\u00e9rame et pourquoi est-il autant appr\u00e9ci\u00e9 ?<\/p>\n    <div class=\"flaminia-faq-answer\">C\u2019est un mat\u00e9riau c\u00e9ramique tr\u00e8s r\u00e9sistant et polyvalent, id\u00e9al pour les sols et les rev\u00eatements gr\u00e2ce \u00e0 sa durabilit\u00e9 et sa facilit\u00e9 d\u2019entretien.<\/div>\n  <\/div>\n\n  <div class=\"flaminia-faq-container\">\n    <p class=\"flaminia-faq-question\">Comment nettoyer quotidiennement le gr\u00e8s c\u00e9rame ?<\/p>\n    <div class=\"flaminia-faq-answer\">Il suffit de balayer ou d\u2019aspirer la surface, puis de la laver avec de l\u2019eau chaude et un d\u00e9tergent neutre.<\/div>\n  <\/div>\n\n  <div class=\"flaminia-faq-container\">\n    <p class=\"flaminia-faq-question\">Quel type de d\u00e9tergent est recommand\u00e9 pour le nettoyage quotidien ?<\/p>\n    <div class=\"flaminia-faq-answer\">Un d\u00e9tergent neutre dilu\u00e9 dans de l\u2019eau chaude. \u00c9vitez les produits \u00e0 base d\u2019ammoniaque ou d\u2019eau de Javel.<\/div>\n  <\/div>\n\n  <div class=\"flaminia-faq-container\">\n    <p class=\"flaminia-faq-question\">Puis-je utiliser une serpilli\u00e8re classique pour nettoyer les carreaux ?<\/p>\n    <div class=\"flaminia-faq-answer\">Oui, \u00e0 condition qu\u2019il soit bien essor\u00e9 et non abrasif.<\/div>\n  <\/div>\n\n  <div class=\"flaminia-faq-container\">\n    <p class=\"flaminia-faq-question\">Est-il n\u00e9cessaire de s\u00e9cher les carreaux apr\u00e8s le lavage ?<\/p>\n    <div class=\"flaminia-faq-answer\">Oui, pour \u00e9viter les traces, notamment dans les zones o\u00f9 l\u2019eau est calcaire.<\/div>\n  <\/div>\n\n  <div class=\"flaminia-faq-container\">\n    <p class=\"flaminia-faq-question\">\u00c0 quelle fr\u00e9quence est-il recommand\u00e9 de faire un nettoyage en profondeur ?<\/p>\n    <div class=\"flaminia-faq-answer\">P\u00e9riodiquement, en fonction de l\u2019utilisation de l\u2019espace et de l\u2019accumulation de salet\u00e9s ou de taches.<\/div>\n  <\/div>\n\n  <div class=\"flaminia-faq-container\">\n    <p class=\"flaminia-faq-question\">Comment enlever des taches de graisse ou d\u2019huile ?<\/p>\n    <div class=\"flaminia-faq-answer\">Utilisez un d\u00e9graissant sp\u00e9cifique pour gr\u00e8s c\u00e9rame, laissez agir puis rincez.<\/div>\n  <\/div>\n\n  <div class=\"flaminia-faq-container\">\n    <p class=\"flaminia-faq-question\">Quelle est la meilleure m\u00e9thode pour \u00e9liminer le calcaire ?<\/p>\n    <div class=\"flaminia-faq-answer\">Un m\u00e9lange d\u2019eau et de vinaigre blanc, suivi d\u2019un rin\u00e7age soigneux.<\/div>\n  <\/div>\n\n  <div class=\"flaminia-faq-container\">\n    <p class=\"flaminia-faq-question\">Comment traiter les taches les plus tenaces ?<\/p>\n    <div class=\"flaminia-faq-answer\">Appliquez une p\u00e2te de bicarbonate de soude et d\u2019eau, laissez agir, frottez d\u00e9licatement puis rincez.<\/div>\n  <\/div>\n\n  <div class=\"flaminia-faq-container\">\n    <p class=\"flaminia-faq-question\">Le bicarbonate de soude peut-il endommager les carreaux ?<\/p>\n    <div class=\"flaminia-faq-answer\">Non, s\u2019il est utilis\u00e9 correctement et sans frotter avec des mat\u00e9riaux abrasifs.<\/div>\n  <\/div>\n\n  <div class=\"flaminia-faq-container\">\n    <p class=\"flaminia-faq-question\">Comment pr\u00e9venir la formation de moisissure dans les joints ?<\/p>\n    <div class=\"flaminia-faq-answer\">En scellant r\u00e9guli\u00e8rement les joints avec des produits adapt\u00e9s.<\/div>\n  <\/div>\n\n  <div class=\"flaminia-faq-container\">\n    <p class=\"flaminia-faq-question\">Les joints doivent-ils \u00eatre nettoy\u00e9s diff\u00e9remment des carreaux ?<\/p>\n    <div class=\"flaminia-faq-answer\">Oui, ils doivent \u00eatre nettoy\u00e9s avec soin et peuvent \u00eatre prot\u00e9g\u00e9s avec des produits de scellement pour \u00e9viter l\u2019accumulation de salet\u00e9.<\/div>\n  <\/div>\n\n  <div class=\"flaminia-faq-container\">\n    <p class=\"flaminia-faq-question\">Est-il n\u00e9cessaire de v\u00e9rifier les carreaux au fil du temps ?<\/p>\n    <div class=\"flaminia-faq-answer\">Oui, v\u00e9rifiez r\u00e9guli\u00e8rement la pr\u00e9sence de fissures ou d\u2019ouvertures et utilisez des produits adapt\u00e9s si n\u00e9cessaire.<\/div>\n  <\/div>\n\n  <div class=\"flaminia-faq-container\">\n    <p class=\"flaminia-faq-question\">Que faire en cas de fissures dans les carreaux ?<\/p>\n    <div class=\"flaminia-faq-answer\">R\u00e9parez-les rapidement pour \u00e9viter les infiltrations d\u2019eau et les dommages structurels.<\/div>\n  <\/div>\n\n  <div class=\"flaminia-faq-container\">\n    <p class=\"flaminia-faq-question\">Puis-je faire glisser des meubles sur du gr\u00e8s c\u00e9rame ?<\/p>\n    <div class=\"flaminia-faq-answer\">Non, mieux vaut l\u2019\u00e9viter pour ne pas rayer la surface. Utilisez des protections sous les pieds des meubles.<\/div>\n  <\/div>\n\n  <div class=\"flaminia-faq-container\">\n    <p class=\"flaminia-faq-question\">Est-il utile d\u2019utiliser des tapis dans les zones tr\u00e8s fr\u00e9quent\u00e9es ?<\/p>\n    <div class=\"flaminia-faq-answer\">Oui, ils aident \u00e0 prot\u00e9ger les carreaux de l\u2019usure quotidienne.<\/div>\n  <\/div>\n\n  <div class=\"flaminia-faq-container\">\n    <p class=\"flaminia-faq-question\">Quelles pr\u00e9cautions prendre dans les zones o\u00f9 l\u2019eau est tr\u00e8s calcaire ?<\/p>\n    <div class=\"flaminia-faq-answer\">S\u00e9chez toujours les surfaces apr\u00e8s le nettoyage et envisagez l\u2019utilisation d\u2019un adoucisseur d\u2019eau.<\/div>\n  <\/div>\n\n  <div class=\"flaminia-faq-container\">\n    <p class=\"flaminia-faq-question\">Que se passe-t-il si je ne nettoie pas une tache imm\u00e9diatement ?<\/p>\n    <div class=\"flaminia-faq-answer\">Elle risque de p\u00e9n\u00e9trer et d\u2019\u00eatre plus difficile \u00e0 enlever.<\/div>\n  <\/div>\n\n  <div class=\"flaminia-faq-container\">\n    <p class=\"flaminia-faq-question\">Le gr\u00e8s c\u00e9rame poli n\u00e9cessite-t-il des soins particuliers ?<\/p>\n    <div class=\"flaminia-faq-answer\">Oui, il doit \u00eatre nettoy\u00e9 avec encore plus de soin pour \u00e9viter les rayures et les traces visibles.<\/div>\n  <\/div>\n\n  <div class=\"flaminia-faq-container\">\n    <p class=\"flaminia-faq-question\">Quel est l\u2019avantage principal d\u2019un entretien r\u00e9gulier ?<\/p>\n    <div class=\"flaminia-faq-answer\">Cela pr\u00e9serve l\u2019esth\u00e9tique des surfaces et garantit leur durabilit\u00e9 dans le temps.<\/div>\n  <\/div>\n\n<\/div>\n\n\t\t<\/div>\n\t<\/div>\n<\/div><\/div><\/div><\/div><!-- Row Backgrounds --><div class=\"upb_bg_img\" data-ultimate-bg=\"url(https:\/\/www.ceramicaflaminia.com\/wp-content\/uploads\/2025\/08\/sfondoeventi-scaled.jpg)\" data-image-id=\"id^2955|url^http:\/\/www.ceramicaflaminia.com\/wp-content\/uploads\/2025\/08\/sfondoeventi-scaled.jpg|caption^null|alt^null|title^sfondoeventi|description^null\" data-ultimate-bg-style=\"vcpb-default\" data-bg-img-repeat=\"no-repeat\" data-bg-img-size=\"cover\" data-bg-img-position=\"\" data-parallx_sense=\"30\" data-bg-override=\"ex-full\" data-bg_img_attach=\"scroll\" data-upb-overlay-color=\"rgba(255,255,255,0.59)\" data-upb-bg-animation=\"\" data-fadeout=\"\" data-bg-animation=\"left-animation\" data-bg-animation-type=\"h\" data-animation-repeat=\"repeat\" data-fadeout-percentage=\"30\" data-parallax-content=\"\" data-parallax-content-sense=\"30\" data-row-effect-mobile-disable=\"true\" data-img-parallax-mobile-disable=\"true\" data-rtl=\"false\"  data-custom-vc-row=\"\"  data-vc=\"6.4.1\"  data-is_old_vc=\"\"  data-theme-support=\"\"   data-overlay=\"true\" data-overlay-color=\"rgba(255,255,255,0.59)\" data-overlay-pattern=\"\" data-overlay-pattern-opacity=\"0.8\" data-overlay-pattern-size=\"\" data-overlay-pattern-attachment=\"scroll\"    ><\/div>","protected":false},"excerpt":{"rendered":"<p>DOMANDE FREQUENTI In questa sezione abbiamo raccolto le risposte alle domande pi\u00f9 frequenti sui nostri prodotti e servizi. L\u2019obiettivo \u00e8 offrirti informazioni chiare e immediate, cos\u00ec da aiutarti a trovare rapidamente ci\u00f2 che cerchi e a risolvere eventuali dubbi. Che tu stia cercando indicazioni tecniche, consigli per l\u2019installazione o dettagli sulla manutenzione, qui troverai risposte&hellip;<\/p>","protected":false},"author":2,"featured_media":0,"parent":0,"menu_order":0,"comment_status":"closed","ping_status":"closed","template":"","meta":{"footnotes":""},"class_list":["post-2959","page","type-page","status-publish","hentry","description-off"],"_links":{"self":[{"href":"https:\/\/www.ceramicaflaminia.com\/fr\/wp-json\/wp\/v2\/pages\/2959","targetHints":{"allow":["GET"]}}],"collection":[{"href":"https:\/\/www.ceramicaflaminia.com\/fr\/wp-json\/wp\/v2\/pages"}],"about":[{"href":"https:\/\/www.ceramicaflaminia.com\/fr\/wp-json\/wp\/v2\/types\/page"}],"author":[{"embeddable":true,"href":"https:\/\/www.ceramicaflaminia.com\/fr\/wp-json\/wp\/v2\/users\/2"}],"replies":[{"embeddable":true,"href":"https:\/\/www.ceramicaflaminia.com\/fr\/wp-json\/wp\/v2\/comments?post=2959"}],"version-history":[{"count":0,"href":"https:\/\/www.ceramicaflaminia.com\/fr\/wp-json\/wp\/v2\/pages\/2959\/revisions"}],"wp:attachment":[{"href":"https:\/\/www.ceramicaflaminia.com\/fr\/wp-json\/wp\/v2\/media?parent=2959"}],"curies":[{"name":"wp","href":"https:\/\/api.w.org\/{rel}","templated":true}]}}