{"id":1948,"date":"2025-02-06T15:46:58","date_gmt":"2025-02-06T14:46:58","guid":{"rendered":"http:\/\/www.ceramicaflaminia.com\/?page_id=1948"},"modified":"2025-02-06T15:47:17","modified_gmt":"2025-02-06T14:47:17","slug":"privacy-policy-2","status":"publish","type":"page","link":"https:\/\/www.ceramicaflaminia.com\/en\/privacy-policy-2\/","title":{"rendered":"Privacy Policy"},"content":{"rendered":"<p>Informativa per il trattamento dei dati personali del sito web <strong>Ceramica Flaminia Srl,<\/strong> con sede legale in S.P. 467 n\u00b0 47, 42013 Casalgrande (RE), P.IV A e C.F. 00908870363 in qualit\u00e0 di Titolare del trattamento (in seguito, &#8220;Titolare&#8221;), La informa ai sensi del Regolamento UE 2016\/679 (&#8220;<strong>GDPR<\/strong>&#8220;) e della vigente normativa nazionale in materia di protezione dei dati personali che i Suoi dati saranno trattati con le modalit\u00e0 e per le finalit\u00e0 seguenti:<\/p>\n\n\n\n<p><strong>1. OGGETTO DEL TRATTAMENTO<\/strong><br>Il Titolare tratta i dati personali identificativi e non sensibili (in particolare, nome, cognome, email, numero telefonico, indirizzo IP, etc. &#8211; in seguito &#8220;<strong>Dati<\/strong>&#8221; o &#8220;<strong>Dati Personali<\/strong>&#8220;) da Lei comunicati in occasione della navigazione sul sito web del Titolare <strong>www.ceramicaflaminia.com<\/strong> (in seguito &#8220;<strong>Sito<\/strong>&#8220;) e\/o in caso di richiesta di contatto inoltrata al Titolare.<\/p>\n\n\n\n<p><strong>2. FINALIT\u00c1 E BASE GIURIDICA DEL TRATTAMENTO<\/strong><br>I Suoi Dati sono trattati senza il Suo previo consenso per le seguenti finalit\u00e0 e basi giuridiche:<\/p>\n\n\n\n<ul class=\"wp-block-list\">\n<li>\u00a0l&#8217;esecuzione del contratto e\/o di impegni precontrattuali: &#8211; gestire e manutenere il Sito; &#8211; gestire una richiesta di contatto da parte Sua.<\/li>\n\n\n\n<li>il perseguimento di un legittimo interesse del Titolare: &#8211; prevenire o scoprire attivit\u00e0 fraudolente o abusi dannosi per il Sito; &#8211; esercitare i diritti del Titolare, ad esempio il diritto di difesa in giudizio.<\/li>\n\n\n\n<li>l&#8217;adempimento di obblighi di legge: &#8211; ottemperanza agli obblighi previsti da leggi, regolamenti, normative comunitarie, ordini e prescrizioni delle autorit\u00e0 competenti.<\/li>\n<\/ul>\n\n\n\n<p><strong>3. MODALIT\u00c1 DEL TRATTANENTO<\/strong><br>Il trattamento dei Suoi Dati \u00e8 effettuato con modalit\u00e0 elettroniche per mezzo delle operazioni di raccolta, registrazione, aggiornamento, organizzazione, conservazione, consultazione, elaborazione, modificazione, selezione, estrazione, raffronto, utilizzo, interconnessione, blocco, cancellazione e distruzione dei Dati.<\/p>\n\n\n\n<p><strong>4. CONSERVAZIONE DEI DATI<\/strong><\/p>\n\n\n\n<p>Il Titolare tratta i Dati per il tempo necessario per adempiere alle finalit\u00e0 di cui sopra e comunque per non oltre 10 anni dalla raccolta.<\/p>\n\n\n\n<p><strong>5. CONFERIMENTO DEI DATI<\/strong><br>Il conferimento dei dati pesonali \u00e8 obbligatorio e l&#8217;eventuale rifiuto di fornire tali Dati potrebbe comportare l&#8217;impossibilit\u00e0 di dare seguito alle Sue richieste.<\/p>\n\n\n\n<p><strong>6. ACCESSO AI DATI<\/strong><br>Ai Suoi Dati possono accedere per le finalit\u00e0 di cui sopra:<\/p>\n\n\n\n<ul class=\"wp-block-list\">\n<li>dipendenti e\/o collaboratori del Titolare, nella loro qualit\u00e0 di incaricati del trattamento e\/o responsabili interni del trattamento e\/o amministratori di sistema;<\/li>\n\n\n\n<li>societ\u00e0 terze o altri soggetti (ad esempio, provider servizi IT, fornitori, istituti di credito, studi professionali, etc.) che svolgono attivit\u00e0 in outsourcing per conto del Titolare, nella loro qualit\u00e0 di responsabili esterni del trattamento.<\/li>\n<\/ul>\n\n\n\n<p><strong>7. COMUNICAZIONE DEI DATI<\/strong><br>I Suoi Dati possono essere comunicati, anche senza Suo consenso; per le finalit\u00e0 di cui sopra a organi di controllo, forze dell&#8217;ordine o magistratura che li tratteranno, su loro espressa richiesta, in qualit\u00e0 di autonomi titolari del trattamento per, finalit\u00e0 istituzionali e\/o in forza di legge nel corso di indagini e controlli. I Suoi Dati possono essere altres\u00ec comunicati a soggetti terzi (a esempio, partner, liberi professionisti, agenti, etc.), in qualit\u00e0 di autonomi titolari del trattamento, per lo svolgimento di attivit\u00e0 strumentali alle finalit\u00e0 di.cui sopra.<\/p>\n\n\n\n<p><strong>8. TRASFERIMENTO DEI DATI<\/strong><br>I Dati non sono diffusi n\u00e9 trasferiti in paesi extra UE.<\/p>\n\n\n\n<p><strong>9. DIRITTI DELL&#8217;INTERESSATO<\/strong><br>Il Titolare La informa che, in qualit\u00e0 di soggetto interessato, se non ricorrono le limitazioni previste dalla legge, ha il diritto di:<\/p>\n\n\n\n<ul class=\"wp-block-list\">\n<li>ottenere la conferma dell&#8217;esistenza o meno di Suoi Dati personali, anche se non ancora registrati, e che tali dati vengano messi a Sua disposizione in forma intellegibile;<\/li>\n\n\n\n<li>ottenere indicazione e, se del caso, copia: a) dell&#8217;origine e della categoria dei dati personali; b) della logica applicata in caso di trattamento effettuato con l&#8217;ausilio di strumenti elettronici; c) delle finalit\u00e0 e modalit\u00e0 del trattamento; d) degli estremi identificativi del titolare e dei responsabili; e) dei soggetti o delle categorie di soggetti ai quali i dati personali possono essere comunicati o che possono venirne a conoscenza, in particolare se destinatari di paesi terzi o organizzazioni internazionali; e) quando possibile, del periodo di conservazione dei dati oppure i criteri utilizzati per determinare tale periodo; f) dell&#8217;esistenza di un processo decisionale automatizzato.e in tal caso delle logiche utilizzate, dell&#8217;importanza e delle conseguenze previste per l&#8217;interessato; g) dell&#8217;esistenza di garanzie adeguate in caso di trasferimento dei dati a un paese extra-UE o a un&#8217;organizzazione internazionale;<\/li>\n\n\n\n<li>ottenere, senza ingiustificato ritardo, l&#8217;aggiornamento e la rettifica dei dati inesatti ovvero, quando vi ha interesse, l&#8217;integrazione dei dati incompleti;<\/li>\n\n\n\n<li>revocare iri ogni momento i consensi prestati, con facilit\u00e0, senza impedimenti, utilizzando, se possibile, gli stessi canali usati per fornirli;<\/li>\n\n\n\n<li>ottenere la cancellazione, la trasformazione in forma anonima o il blocco dei dati: a),trattati illecitamente; b) non pi\u00f9 necessari in relazione agli scopi per i quali sono stati raccolti o successivamente trattati; c) in caso di revoca del consenso su cui si basa il trattamento e in caso non sussista altro fondamento giuridico, d) qualora Lei si sia opposto al trattamento e non sussiste alcun motivo legittimo prevalente per proseguire il trattamento; e) in caso di adempimento di un obbligo legale; f) nel caso di dati riferiti a minori. Il Titolare pu\u00f2,rifiutare la cancellazione solo nel caso di: a) esercizio del diritto alla libert\u00e0 di espressione e di jinformazione; b) adempimento di un obbligo legale, esecuzione di un compito svolto nel pubblico interesse o esercizio di pubblici poteri; c) motivi di interesse sanitario pubblico; d) archiviazione nel pubblico interesse, ricerca scientifica o storica o a fini statistici; e) esercizio di un diritto in sede giudiziaria;<\/li>\n\n\n\n<li>ottenere la limitazione del trattamento nel caso di: a) contestazione dell&#8217;esattezza dei dati personali; b) trattamento illecito del Titolare per impedirne la cancellziione; e) esercizio di un Suo diritto in sede giudiziaria; d) verifica dell&#8217;eventuale prevalenza dei motivi legittimi del Titolare rispetto a quelli dell&#8217;interessato;<\/li>\n\n\n\n<li>ricevere, qualora il trattamento sia effettuato con mezzi automatici, senza impedimenti e in un formato strutturato, di uso comune e leggibile i dati personali che La riguardano per trasmetterli ad altro titolare &#8211; se tecnicamente fattibile &#8211; di ottenere la trasmissione diretta da paite del Titolare ad altro titolare; opporsi, in tutto o in parte: a) per motivi legittimi connessi alla Sua situazione particolare, al trattamento dei dati personali che La riguardano; b) al trattamento di dati personali che La riguardano a fini di invio di materiale pubblicitario o di .vendita diretta o per il compimento di ricerche di mercato o di comunicazione commerciaie, mediante i&#8217;uso di sistemi automatizzati di chiamata senza l&#8217;intervento di un operatore mediante email e\/o mediante modalit\u00e0 di marketing tradizionali mediante telefono e\/o posta cartacea;<\/li>\n\n\n\n<li>proporre reclamo all&#8217;Autorit\u00e0 Garante per la Protezione dei Dati Personali.<\/li>\n<\/ul>\n\n\n\n<p>Nei casi di cui sopra, ove necessario, il Titolare porter\u00e0 a conoscenza i soggetti terzi ai quali i Suoi dati personali sono comunicati dell&#8217;eventuale esercizio dei diritti da parte Sua, ad eccezione di specifici casi (es. quando tale adempimento si riveli impossibile o comporti un impiego di mezzi manifestamente sproporzionato rispetto al diritto tutelato).<\/p>\n\n\n\n<p><strong>10. MODALIT\u00c1 DI ESERCIZIO DEI DIRITTI<\/strong><br>Potr\u00e0 in qualsiasi momento esercitare tali diritti:<\/p>\n\n\n\n<ul class=\"wp-block-list\">\n<li><strong>inviando una raccomandata<\/strong> a.r. all&#8217;indirizzo del Titolare: S.P. 467 n\u00b0 47, 42013 Casalgrande (RE)<\/li>\n\n\n\n<li>inviando una <strong>mail<\/strong> a <a href=\"mailto:info@ceramicaflaminia.com\">info@ceramicaflaminia.com<\/a>:<\/li>\n\n\n\n<li><strong>telefonando<\/strong> al numero <strong>+39 0522 849858<\/strong><\/li>\n<\/ul>\n\n\n\n<p><strong>11. TITOLARE E RESPONSABILE DEL TRATTAMENTO<\/strong><br>Il titolare del trattamento \u00e8:<br><strong>CERAMICA FLAMINIA<\/strong>, con sede legale in S.P. 467 n\u00b0 47, 42013 Casalgrande (RE), P.IV A e C.F. 00908870363 L&#8217;elenco aggiornato dei responsabili del trattamento \u00e8 custodito presso la sede legale del Titolare in \u00a0Casalgrande (RE), S.P. 467 n\u00b0 47.<\/p>","protected":false},"excerpt":{"rendered":"<p>Informativa per il trattamento dei dati personali del sito web Ceramica Flaminia Srl, con sede legale in S.P. 467 n\u00b0 47, 42013 Casalgrande (RE), P.IV A e C.F. 00908870363 in qualit\u00e0 di Titolare del trattamento (in seguito, &#8220;Titolare&#8221;), La informa ai sensi del Regolamento UE 2016\/679 (&#8220;GDPR&#8220;) e della vigente normativa nazionale in materia di&hellip;<\/p>","protected":false},"author":2,"featured_media":0,"parent":0,"menu_order":0,"comment_status":"closed","ping_status":"closed","template":"","meta":{"footnotes":""},"class_list":["post-1948","page","type-page","status-publish","hentry","description-off"],"_links":{"self":[{"href":"https:\/\/www.ceramicaflaminia.com\/en\/wp-json\/wp\/v2\/pages\/1948","targetHints":{"allow":["GET"]}}],"collection":[{"href":"https:\/\/www.ceramicaflaminia.com\/en\/wp-json\/wp\/v2\/pages"}],"about":[{"href":"https:\/\/www.ceramicaflaminia.com\/en\/wp-json\/wp\/v2\/types\/page"}],"author":[{"embeddable":true,"href":"https:\/\/www.ceramicaflaminia.com\/en\/wp-json\/wp\/v2\/users\/2"}],"replies":[{"embeddable":true,"href":"https:\/\/www.ceramicaflaminia.com\/en\/wp-json\/wp\/v2\/comments?post=1948"}],"version-history":[{"count":0,"href":"https:\/\/www.ceramicaflaminia.com\/en\/wp-json\/wp\/v2\/pages\/1948\/revisions"}],"wp:attachment":[{"href":"https:\/\/www.ceramicaflaminia.com\/en\/wp-json\/wp\/v2\/media?parent=1948"}],"curies":[{"name":"wp","href":"https:\/\/api.w.org\/{rel}","templated":true}]}}