{"id":2991,"date":"2025-08-06T11:18:52","date_gmt":"2025-08-06T09:18:52","guid":{"rendered":"https:\/\/www.ceramicaflaminia.com\/?page_id=2991"},"modified":"2025-08-07T09:55:29","modified_gmt":"2025-08-07T07:55:29","slug":"sostenibilita","status":"publish","type":"page","link":"https:\/\/www.ceramicaflaminia.com\/de\/sostenibilita\/","title":{"rendered":"Nachhaltigkeit"},"content":{"rendered":"<div class=\"vc_row wpb_row vc_row-fluid vc_custom_1754464904648\"><div class=\"wpb_column vc_column_container vc_col-sm-12\"><div class=\"vc_column-inner\"><div class=\"wpb_wrapper\"><div class=\"vc_row wpb_row vc_inner vc_row-fluid vc_custom_1754471783584 vc_row-has-fill\"><div class=\"wpb_column vc_column_container vc_col-sm-12\"><div class=\"vc_column-inner\"><div class=\"wpb_wrapper\">\n\t<div class=\"wpb_text_column wpb_content_element  vc_custom_1754471755064 new-font\" >\n\t\t<div class=\"wpb_wrapper\">\n\t\t\t<h1 style=\"text-align: left;\"><span style=\"color: #ffffff;\">NACHHALTIGKEIT<\/span><\/h1>\n\n\t\t<\/div>\n\t<\/div>\n<\/div><\/div><\/div><\/div><div class=\"ult-spacer spacer-69eb8c52051f1\" data-id=\"69eb8c52051f1\" data-height=\"80\" data-height-mobile=\"40\" data-height-tab=\"60\" data-height-tab-portrait=\"60\" data-height-mobile-landscape=\"40\" style=\"clear:both;display:block;\"><\/div><div class=\"vc_row wpb_row vc_inner vc_row-fluid\"><div class=\"wpb_column vc_column_container vc_col-sm-3\"><div class=\"vc_column-inner\"><div class=\"wpb_wrapper\">\n\t<div class=\"wpb_text_column wpb_content_element  wpb_animate_when_almost_visible wpb_fadeIn fadeIn new-font\" >\n\t\t<div class=\"wpb_wrapper\">\n\t\t\t<h3>Engagement f\u00fcr die Umwelt<\/h3>\n\n\t\t<\/div>\n\t<\/div>\n<\/div><\/div><\/div><div class=\"wpb_column vc_column_container vc_col-sm-9\"><div class=\"vc_column-inner\"><div class=\"wpb_wrapper\">\n\t<div class=\"wpb_text_column wpb_content_element  wpb_animate_when_almost_visible wpb_bounceInRight bounceInRight vc_custom_1754471825565\" >\n\t\t<div class=\"wpb_wrapper\">\n\t\t\t<div>\n<p class=\"Corpo\">Ceramica Flaminia ist ein Unternehmen, das sich nicht nur durch die Qualit\u00e4t seiner Produkte auszeichnet, sondern auch durch sein starkes soziales und \u00f6kologisches Engagement. Auf lokaler Ebene aktiv, unterst\u00fctzt und sponsert Ceramica Flaminia Veranstaltungen und Sportereignisse und tr\u00e4gt so zum Wohlbefinden und zur Lebendigkeit der Gemeinschaft bei. Im Laufe der Jahre hat das Unternehmen kleine Sportvereine gef\u00f6rdert und damit kontinuierliches Interesse an der Entwicklung lokaler Aktivit\u00e4ten gezeigt.<\/p>\n<\/div>\n\n\t\t<\/div>\n\t<\/div>\n<\/div><\/div><\/div><\/div><div class=\"vc_row wpb_row vc_inner vc_row-fluid\"><div class=\"wpb_column vc_column_container vc_col-sm-12\"><div class=\"vc_column-inner\"><div class=\"wpb_wrapper\"><div class=\"vc_separator wpb_content_element vc_separator_align_center vc_sep_width_100 vc_sep_pos_align_center vc_separator_no_text vc_sep_color_grey vc_custom_1750060328634  vc_custom_1750060328634\" ><span class=\"vc_sep_holder vc_sep_holder_l\"><span  class=\"vc_sep_line\"><\/span><\/span><span class=\"vc_sep_holder vc_sep_holder_r\"><span  class=\"vc_sep_line\"><\/span><\/span>\n<\/div><\/div><\/div><\/div><\/div><div class=\"vc_row wpb_row vc_inner vc_row-fluid\"><div class=\"wpb_column vc_column_container vc_col-sm-3\"><div class=\"vc_column-inner\"><div class=\"wpb_wrapper\">\n\t<div class=\"wpb_text_column wpb_content_element  wpb_animate_when_almost_visible wpb_fadeIn fadeIn new-font\" >\n\t\t<div class=\"wpb_wrapper\">\n\t\t\t<h3>Eine Gr\u00fcne Zukunft<\/h3>\n\n\t\t<\/div>\n\t<\/div>\n<\/div><\/div><\/div><div class=\"wpb_column vc_column_container vc_col-sm-9\"><div class=\"vc_column-inner\"><div class=\"wpb_wrapper\">\n\t<div class=\"wpb_text_column wpb_content_element  wpb_animate_when_almost_visible wpb_bounceInRight bounceInRight vc_custom_1754471866245 newfont\" >\n\t\t<div class=\"wpb_wrapper\">\n\t\t\t<div>\n<p class=\"Corpo\">Ceramica Flaminia glaubt fest an eine nachhaltige Zukunft und hat bedeutende Ma\u00dfnahmen ergriffen, um ihre Umweltbelastung zu reduzieren. Das Unternehmen hat in vollst\u00e4ndig elektrische Transport- und F\u00f6rderfahrzeuge investiert, wodurch die CO\u2082-Emissionen gesenkt und zu einer saubereren Umwelt beigetragen wird. Au\u00dferdem wurde eine leistungsstarke Photovoltaikanlage installiert, die die Nutzung von Solarenergie erm\u00f6glicht und den Verbrauch nicht erneuerbarer Energiequellen deutlich reduziert.<\/p>\n<\/div>\n<div>\n<p class=\"Corpo\">In Zusammenarbeit mit der lokalen Verwaltung hat Ceramica Flaminia zur Gr\u00fcndung einer der ersten Energiegemeinschaften beigetragen. Dieses innovative Projekt f\u00f6rdert die gemeinsame und nachhaltige Nutzung von Energiequellen und vereint die Anstrengungen von Unternehmen und B\u00fcrgern f\u00fcr eine gr\u00fcnere Zukunft.<\/p>\n<\/div>\n\n\t\t<\/div>\n\t<\/div>\n<\/div><\/div><\/div><\/div><div class=\"vc_row wpb_row vc_inner vc_row-fluid\"><div class=\"wpb_column vc_column_container vc_col-sm-12\"><div class=\"vc_column-inner\"><div class=\"wpb_wrapper\"><div class=\"vc_separator wpb_content_element vc_separator_align_center vc_sep_width_100 vc_sep_pos_align_center vc_separator_no_text vc_sep_color_grey vc_custom_1750060328634  vc_custom_1750060328634\" ><span class=\"vc_sep_holder vc_sep_holder_l\"><span  class=\"vc_sep_line\"><\/span><\/span><span class=\"vc_sep_holder vc_sep_holder_r\"><span  class=\"vc_sep_line\"><\/span><\/span>\n<\/div><\/div><\/div><\/div><\/div><div class=\"vc_row wpb_row vc_inner vc_row-fluid\"><div class=\"wpb_column vc_column_container vc_col-sm-3\"><div class=\"vc_column-inner\"><div class=\"wpb_wrapper\">\n\t<div class=\"wpb_text_column wpb_content_element  wpb_animate_when_almost_visible wpb_fadeIn fadeIn new-font\" >\n\t\t<div class=\"wpb_wrapper\">\n\t\t\t<h3>Kreislaufwirtschaft<\/h3>\n\n\t\t<\/div>\n\t<\/div>\n<\/div><\/div><\/div><div class=\"wpb_column vc_column_container vc_col-sm-9\"><div class=\"vc_column-inner\"><div class=\"wpb_wrapper\">\n\t<div class=\"wpb_text_column wpb_content_element  wpb_animate_when_almost_visible wpb_bounceInRight bounceInRight vc_custom_1754471909972 newfont\" >\n\t\t<div class=\"wpb_wrapper\">\n\t\t\t<div>\n<p class=\"Corpo\">Das Unternehmen glaubt fest an die Kreislaufwirtschaft \u2013 ein Produktions- und Konsummodell, das auf Teilen, Wiederverwendung, Reparatur, Wiederaufbereitung und Recycling bestehender Materialien und Produkte basiert. Ceramica Flaminia recycelt ihre Abf\u00e4lle in Zusammenarbeit mit Unternehmen, die auf die Wiederverwertung von Kunststoff, Holz, Papier und Inertstoffen spezialisiert sind. Diese Praxis reduziert nicht nur die Umweltbelastung, sondern schafft auch Wert und neue wirtschaftliche Chancen durch einen verantwortungsvollen Umgang mit Ressourcen.<\/p>\n<\/div>\n<div>\n<p class=\"Corpo\">Zusammenfassend ist Ceramica Flaminia ein Beispiel daf\u00fcr, wie Unternehmen eine zentrale Rolle bei der F\u00f6rderung einer nachhaltigeren und integrativeren Gesellschaft spielen k\u00f6nnen. Mit ihrem sozialen Engagement und ihren Umweltinitiativen inspiriert sie weiterhin und treibt positiven Wandel in der Gemeinschaft und dar\u00fcber hinaus voran.<\/p>\n<\/div>\n\n\t\t<\/div>\n\t<\/div>\n<\/div><\/div><\/div><\/div><div class=\"ult-spacer spacer-69eb8c5205d9a\" data-id=\"69eb8c5205d9a\" data-height=\"80\" data-height-mobile=\"40\" data-height-tab=\"60\" data-height-tab-portrait=\"60\" data-height-mobile-landscape=\"40\" style=\"clear:both;display:block;\"><\/div><div class=\"vc_separator wpb_content_element vc_separator_align_center vc_sep_width_100 vc_sep_pos_align_center vc_separator_no_text vc_sep_color_grey vc_custom_1750060328634  vc_custom_1750060328634\" ><span class=\"vc_sep_holder vc_sep_holder_l\"><span  class=\"vc_sep_line\"><\/span><\/span><span class=\"vc_sep_holder vc_sep_holder_r\"><span  class=\"vc_sep_line\"><\/span><\/span>\n<\/div>\n\t<div class=\"wpb_text_column wpb_content_element  wpb_animate_when_almost_visible wpb_bounceInRight bounceInRight vc_custom_1754553327172 newfont\" >\n\t\t<div class=\"wpb_wrapper\">\n\t\t\t<p data-start=\"470\" data-end=\"651\">Ceramica Flaminia collabora esclusivamente con aziende produttive facenti parte di <strong data-start=\"553\" data-end=\"579\">Confindustria Ceramica<\/strong>, che ottemperano alla <strong data-start=\"602\" data-end=\"648\">Dichiarazione Ambientale di Prodotto (EPD)<\/strong>.<\/p>\n<p data-start=\"658\" data-end=\"718\">\ud83d\udc49 <span style=\"color: #999999;\"><a class=\"cursor-pointer\" style=\"color: #999999;\" href=\"http:\/\/www.ceramicaflaminia.com\/wp-content\/uploads\/2025\/08\/MR-EPDITALY0064-1.pdf\" target=\"_blank\" rel=\"noopener\" data-start=\"661\" data-end=\"718\">Scarica la dichiarazione tecnica EPD<\/a><\/span><\/p>\n\n\t\t<\/div>\n\t<\/div>\n<div class=\"ult-spacer spacer-69eb8c5205ee2\" data-id=\"69eb8c5205ee2\" data-height=\"80\" data-height-mobile=\"40\" data-height-tab=\"60\" data-height-tab-portrait=\"60\" data-height-mobile-landscape=\"40\" style=\"clear:both;display:block;\"><\/div><\/div><\/div><\/div><\/div><!-- Row Backgrounds --><div class=\"upb_bg_img\" data-ultimate-bg=\"url(https:\/\/www.ceramicaflaminia.com\/wp-content\/uploads\/2025\/08\/sfondoeventi-scaled.jpg)\" data-image-id=\"id^2955|url^http:\/\/www.ceramicaflaminia.com\/wp-content\/uploads\/2025\/08\/sfondoeventi-scaled.jpg|caption^null|alt^null|title^sfondoeventi|description^null\" data-ultimate-bg-style=\"vcpb-default\" data-bg-img-repeat=\"no-repeat\" data-bg-img-size=\"cover\" data-bg-img-position=\"\" data-parallx_sense=\"30\" data-bg-override=\"ex-full\" data-bg_img_attach=\"scroll\" data-upb-overlay-color=\"rgba(255,255,255,0.59)\" data-upb-bg-animation=\"\" data-fadeout=\"\" data-bg-animation=\"left-animation\" data-bg-animation-type=\"h\" data-animation-repeat=\"repeat\" data-fadeout-percentage=\"30\" data-parallax-content=\"\" data-parallax-content-sense=\"30\" data-row-effect-mobile-disable=\"true\" data-img-parallax-mobile-disable=\"true\" data-rtl=\"false\"  data-custom-vc-row=\"\"  data-vc=\"6.4.1\"  data-is_old_vc=\"\"  data-theme-support=\"\"   data-overlay=\"true\" data-overlay-color=\"rgba(255,255,255,0.59)\" data-overlay-pattern=\"\" data-overlay-pattern-opacity=\"0.8\" data-overlay-pattern-size=\"\" data-overlay-pattern-attachment=\"scroll\"    ><\/div>","protected":false},"excerpt":{"rendered":"<p>SOSTENIBILIT\u00c1 Impegno per l&#8217;ambiente Ceramica Flaminia \u00e8 un&#8217;azienda che non solo si distingue per la qualit\u00e0 dei suoi prodotti, ma anche per il suo forte impegno sociale e ambientale. Attiva a livello locale, Ceramica Flaminia sostiene e sponsorizza eventi e manifestazioni sportive, contribuendo al benessere e alla vitalit\u00e0 della comunit\u00e0. Negli anni, ha fornito supporto&hellip;<\/p>","protected":false},"author":2,"featured_media":0,"parent":0,"menu_order":0,"comment_status":"closed","ping_status":"closed","template":"","meta":{"footnotes":""},"class_list":["post-2991","page","type-page","status-publish","hentry","description-off"],"_links":{"self":[{"href":"https:\/\/www.ceramicaflaminia.com\/de\/wp-json\/wp\/v2\/pages\/2991","targetHints":{"allow":["GET"]}}],"collection":[{"href":"https:\/\/www.ceramicaflaminia.com\/de\/wp-json\/wp\/v2\/pages"}],"about":[{"href":"https:\/\/www.ceramicaflaminia.com\/de\/wp-json\/wp\/v2\/types\/page"}],"author":[{"embeddable":true,"href":"https:\/\/www.ceramicaflaminia.com\/de\/wp-json\/wp\/v2\/users\/2"}],"replies":[{"embeddable":true,"href":"https:\/\/www.ceramicaflaminia.com\/de\/wp-json\/wp\/v2\/comments?post=2991"}],"version-history":[{"count":0,"href":"https:\/\/www.ceramicaflaminia.com\/de\/wp-json\/wp\/v2\/pages\/2991\/revisions"}],"wp:attachment":[{"href":"https:\/\/www.ceramicaflaminia.com\/de\/wp-json\/wp\/v2\/media?parent=2991"}],"curies":[{"name":"wp","href":"https:\/\/api.w.org\/{rel}","templated":true}]}}