{"id":2959,"date":"2025-08-06T09:39:31","date_gmt":"2025-08-06T07:39:31","guid":{"rendered":"https:\/\/www.ceramicaflaminia.com\/?page_id=2959"},"modified":"2025-08-06T10:37:42","modified_gmt":"2025-08-06T08:37:42","slug":"faq","status":"publish","type":"page","link":"https:\/\/www.ceramicaflaminia.com\/de\/faq\/","title":{"rendered":"FAQ"},"content":{"rendered":"<div class=\"vc_row wpb_row vc_row-fluid vc_custom_1754464904648\"><div class=\"wpb_column vc_column_container vc_col-sm-12\"><div class=\"vc_column-inner\"><div class=\"wpb_wrapper\"><div class=\"vc_row wpb_row vc_inner vc_row-fluid vc_custom_1750229196518\"><div class=\"wpb_column vc_column_container vc_col-sm-12\"><div class=\"vc_column-inner\"><div class=\"wpb_wrapper\">\n\t<div class=\"wpb_text_column wpb_content_element  vc_custom_1754469400470 new-font\" >\n\t\t<div class=\"wpb_wrapper\">\n\t\t\t<h1><span style=\"color: #ffffff;\"><span style=\"caret-color: #ffffff;\">H\u00c4UFIG GESTELLTE<br \/>\nFRAGEN<\/span><\/span><\/h1>\n\n\t\t<\/div>\n\t<\/div>\n<\/div><\/div><\/div><\/div>\n\t<div class=\"wpb_text_column wpb_content_element\" >\n\t\t<div class=\"wpb_wrapper\">\n\t\t\t<p>In diesem Abschnitt haben wir die h\u00e4ufigsten Fragen zu unseren Produkten und Dienstleistungen zusammengestellt. Unser Ziel ist es, Ihnen klare und sofort verf\u00fcgbare Informationen zu bieten, damit Sie schnell finden, was Sie suchen, und eventuelle Unklarheiten kl\u00e4ren k\u00f6nnen. Ob technische Hinweise, Tipps zur Verlegung oder Informationen zur Pflege \u2013 hier finden Sie n\u00fctzliche und aktuelle Antworten. Sollten Sie nicht die gew\u00fcnschte Information finden, kontaktieren Sie uns gerne \u2013 unser Team unterst\u00fctzt Sie mit einer pers\u00f6nlichen Beratung.<\/p>\n\n\t\t<\/div>\n\t<\/div>\n<div class=\"ult-spacer spacer-69eb8c520546b\" data-id=\"69eb8c520546b\" data-height=\"80\" data-height-mobile=\"40\" data-height-tab=\"60\" data-height-tab-portrait=\"60\" data-height-mobile-landscape=\"40\" style=\"clear:both;display:block;\"><\/div>\n\t<div class=\"wpb_raw_code wpb_content_element wpb_raw_html\" >\n\t\t<div class=\"wpb_wrapper\">\n\t\t\t<style>\n.flaminia-faq-container {\n  margin-bottom: 20px;\n  border-radius: 8px;\n  padding: 20px;\n  background-color: rgba(87,86,86,0.04);\n  transition: background-color 0.3s ease;\n  cursor: pointer;\n}\n.flaminia-faq-container:hover {\n  background-color: rgba(87,86,86,0.02);\n}\n.flaminia-faq-question {\n  font-size: 18px;\n  font-weight: 600;\n  color: #666;\n  margin: 0;\n}\n.flaminia-faq-answer {\n  display: none;\n  margin-top: 10px;\n  font-size: 16px;\n  color: #333;\n  line-height: 1.6;\n}\n.flaminia-faq-container.active .flaminia-faq-answer {\n  display: block;\n}\n<\/style>\n\n<script>\ndocument.addEventListener('DOMContentLoaded', function () {\n  const faqs = document.querySelectorAll('.flaminia-faq-container');\n  faqs.forEach(faq => {\n    faq.addEventListener('click', () => {\n      faq.classList.toggle('active');\n    });\n  });\n});\n<\/script>\n\n<div class=\"flaminia-faqs\">\n\n  <div class=\"flaminia-faq-container\">\n    <p class=\"flaminia-faq-question\">Was ist Feinsteinzeug und warum ist es so gesch\u00e4tzt?<\/p>\n    <div class=\"flaminia-faq-answer\">Es ist ein sehr widerstandsf\u00e4higes und vielseitiges keramisches Material, ideal f\u00fcr B\u00f6den und Wandverkleidungen dank seiner Langlebigkeit und Pflegeleichtigkeit.<\/div>\n  <\/div>\n\n  <div class=\"flaminia-faq-container\">\n    <p class=\"flaminia-faq-question\">Wie reinigt man Feinsteinzeug im Alltag?<\/p>\n    <div class=\"flaminia-faq-answer\">Einfach die Oberfl\u00e4che kehren oder saugen und mit hei\u00dfem Wasser und einem neutralen Reinigungsmittel wischen.<\/div>\n  <\/div>\n\n  <div class=\"flaminia-faq-container\">\n    <p class=\"flaminia-faq-question\">Welche Art von Reinigungsmittel wird f\u00fcr die t\u00e4gliche Reinigung empfohlen?<\/p>\n    <div class=\"flaminia-faq-answer\">Ein neutrales Reinigungsmittel, in hei\u00dfem Wasser verd\u00fcnnt. Vermeiden Sie Produkte auf Ammoniak- oder Chlorbasis.<\/div>\n  <\/div>\n\n  <div class=\"flaminia-faq-container\">\n    <p class=\"flaminia-faq-question\">Kann ich einen normalen Wischmopp zum Reinigen der Fliesen verwenden?<\/p>\n    <div class=\"flaminia-faq-answer\">Ja, solange er gut ausgewrungen und nicht scheuernd ist.<\/div>\n  <\/div>\n\n  <div class=\"flaminia-faq-container\">\n    <p class=\"flaminia-faq-question\">M\u00fcssen die Fliesen nach dem Waschen getrocknet werden?<\/p>\n    <div class=\"flaminia-faq-answer\">Ja, um Streifen zu vermeiden, insbesondere in Regionen mit kalkhaltigem Wasser.<\/div>\n  <\/div>\n\n  <div class=\"flaminia-faq-container\">\n    <p class=\"flaminia-faq-question\">Wie oft wird eine gr\u00fcndlichere Reinigung empfohlen?<\/p>\n    <div class=\"flaminia-faq-answer\">In regelm\u00e4\u00dfigen Abst\u00e4nden, je nach Nutzung des Raums und Verschmutzungsgrad.<\/div>\n  <\/div>\n\n  <div class=\"flaminia-faq-container\">\n    <p class=\"flaminia-faq-question\">Wie kann ich Fett- oder \u00d6lflecken entfernen?<\/p>\n    <div class=\"flaminia-faq-answer\">Verwenden Sie einen speziellen Fettl\u00f6ser f\u00fcr Feinsteinzeug, einwirken lassen und absp\u00fclen.<\/div>\n  <\/div>\n\n  <div class=\"flaminia-faq-container\">\n    <p class=\"flaminia-faq-question\">Was ist die beste Methode zur Entfernung von Kalkablagerungen?<\/p>\n    <div class=\"flaminia-faq-answer\">Eine Mischung aus Wasser und wei\u00dfem Essig, anschlie\u00dfend gr\u00fcndlich absp\u00fclen.<\/div>\n  <\/div>\n\n  <div class=\"flaminia-faq-container\">\n    <p class=\"flaminia-faq-question\">Wie behandelt man besonders hartn\u00e4ckige Flecken?<\/p>\n    <div class=\"flaminia-faq-answer\">Tragen Sie eine Paste aus Natron und Wasser auf, lassen Sie sie einwirken, sanft schrubben und absp\u00fclen.<\/div>\n  <\/div>\n\n  <div class=\"flaminia-faq-container\">\n    <p class=\"flaminia-faq-question\">Kann Natron die Fliesen besch\u00e4digen?<\/p>\n    <div class=\"flaminia-faq-answer\">Nein, nicht wenn es richtig verwendet und nicht mit scheuernden Materialien geschrubbt wird.<\/div>\n  <\/div>\n\n  <div class=\"flaminia-faq-container\">\n    <p class=\"flaminia-faq-question\">Wie kann man die Schimmelbildung in den Fugen verhindern?<\/p>\n    <div class=\"flaminia-faq-answer\">Durch regelm\u00e4\u00dfiges Versiegeln der Fugen mit geeigneten Produkten.<\/div>\n  <\/div>\n\n  <div class=\"flaminia-faq-container\">\n    <p class=\"flaminia-faq-question\">M\u00fcssen Fugen anders gereinigt werden als Fliesen?<\/p>\n    <div class=\"flaminia-faq-answer\">Ja, sie sollten sorgf\u00e4ltig gereinigt und mit Versiegelungen gesch\u00fctzt werden, um Schmutzablagerungen zu vermeiden.<\/div>\n  <\/div>\n\n  <div class=\"flaminia-faq-container\">\n    <p class=\"flaminia-faq-question\">M\u00fcssen die Fliesen im Laufe der Zeit kontrolliert werden?<\/p>\n    <div class=\"flaminia-faq-answer\">Ja, \u00fcberpr\u00fcfen Sie regelm\u00e4\u00dfig auf Risse oder Spalten und verwenden Sie geeignete Produkte zur Reparatur.<\/div>\n  <\/div>\n\n  <div class=\"flaminia-faq-container\">\n    <p class=\"flaminia-faq-question\">Was tun bei Rissen in den Fliesen?<\/p>\n    <div class=\"flaminia-faq-answer\">Reparieren Sie sie umgehend, um Wassereintritt und strukturelle Sch\u00e4den zu vermeiden.<\/div>\n  <\/div>\n\n  <div class=\"flaminia-faq-container\">\n    <p class=\"flaminia-faq-question\">Darf man M\u00f6bel \u00fcber Feinsteinzeug ziehen?<\/p>\n    <div class=\"flaminia-faq-answer\">Nein, es ist besser, dies zu vermeiden, um Kratzer auf der Oberfl\u00e4che zu verhindern. Verwenden Sie Schutzpads unter den M\u00f6belf\u00fc\u00dfen.<\/div>\n  <\/div>\n\n  <div class=\"flaminia-faq-container\">\n    <p class=\"flaminia-faq-question\">Ist es sinnvoll, in stark frequentierten Bereichen Teppiche zu verwenden?<\/p>\n    <div class=\"flaminia-faq-answer\">Ja, sie helfen, die Fliesen vor t\u00e4glichem Verschlei\u00df zu sch\u00fctzen.<\/div>\n  <\/div>\n\n  <div class=\"flaminia-faq-container\">\n    <p class=\"flaminia-faq-question\">Welche Ma\u00dfnahmen sollten in Regionen mit sehr kalkhaltigem Wasser getroffen werden?<\/p>\n    <div class=\"flaminia-faq-answer\">Trocknen Sie die Oberfl\u00e4chen immer nach dem Reinigen und ziehen Sie die Verwendung eines Wasserenth\u00e4rters in Betracht.<\/div>\n  <\/div>\n\n  <div class=\"flaminia-faq-container\">\n    <p class=\"flaminia-faq-question\">Was passiert, wenn ich einen Fleck nicht sofort reinige?<\/p>\n    <div class=\"flaminia-faq-answer\">Sie kann eindringen und schwerer zu entfernen sein.<\/div>\n  <\/div>\n\n  <div class=\"flaminia-faq-container\">\n    <p class=\"flaminia-faq-question\">Ben\u00f6tigt poliertes Feinsteinzeug besondere Pflege?<\/p>\n    <div class=\"flaminia-faq-answer\">Ja, es muss besonders sorgf\u00e4ltig gereinigt werden, um Kratzer und sichtbare Schlieren zu vermeiden.<\/div>\n  <\/div>\n\n  <div class=\"flaminia-faq-container\">\n    <p class=\"flaminia-faq-question\">Was ist der Hauptvorteil regelm\u00e4\u00dfiger Pflege?<\/p>\n    <div class=\"flaminia-faq-answer\">Es bewahrt die Optik der Oberfl\u00e4chen und sichert ihre Langlebigkeit.<\/div>\n  <\/div>\n\n<\/div>\n\n\t\t<\/div>\n\t<\/div>\n<\/div><\/div><\/div><\/div><!-- Row Backgrounds --><div class=\"upb_bg_img\" data-ultimate-bg=\"url(https:\/\/www.ceramicaflaminia.com\/wp-content\/uploads\/2025\/08\/sfondoeventi-scaled.jpg)\" data-image-id=\"id^2955|url^http:\/\/www.ceramicaflaminia.com\/wp-content\/uploads\/2025\/08\/sfondoeventi-scaled.jpg|caption^null|alt^null|title^sfondoeventi|description^null\" data-ultimate-bg-style=\"vcpb-default\" data-bg-img-repeat=\"no-repeat\" data-bg-img-size=\"cover\" data-bg-img-position=\"\" data-parallx_sense=\"30\" data-bg-override=\"ex-full\" data-bg_img_attach=\"scroll\" data-upb-overlay-color=\"rgba(255,255,255,0.59)\" data-upb-bg-animation=\"\" data-fadeout=\"\" data-bg-animation=\"left-animation\" data-bg-animation-type=\"h\" data-animation-repeat=\"repeat\" data-fadeout-percentage=\"30\" data-parallax-content=\"\" data-parallax-content-sense=\"30\" data-row-effect-mobile-disable=\"true\" data-img-parallax-mobile-disable=\"true\" data-rtl=\"false\"  data-custom-vc-row=\"\"  data-vc=\"6.4.1\"  data-is_old_vc=\"\"  data-theme-support=\"\"   data-overlay=\"true\" data-overlay-color=\"rgba(255,255,255,0.59)\" data-overlay-pattern=\"\" data-overlay-pattern-opacity=\"0.8\" data-overlay-pattern-size=\"\" data-overlay-pattern-attachment=\"scroll\"    ><\/div>","protected":false},"excerpt":{"rendered":"<p>DOMANDE FREQUENTI In questa sezione abbiamo raccolto le risposte alle domande pi\u00f9 frequenti sui nostri prodotti e servizi. L\u2019obiettivo \u00e8 offrirti informazioni chiare e immediate, cos\u00ec da aiutarti a trovare rapidamente ci\u00f2 che cerchi e a risolvere eventuali dubbi. Che tu stia cercando indicazioni tecniche, consigli per l\u2019installazione o dettagli sulla manutenzione, qui troverai risposte&hellip;<\/p>","protected":false},"author":2,"featured_media":0,"parent":0,"menu_order":0,"comment_status":"closed","ping_status":"closed","template":"","meta":{"footnotes":""},"class_list":["post-2959","page","type-page","status-publish","hentry","description-off"],"_links":{"self":[{"href":"https:\/\/www.ceramicaflaminia.com\/de\/wp-json\/wp\/v2\/pages\/2959","targetHints":{"allow":["GET"]}}],"collection":[{"href":"https:\/\/www.ceramicaflaminia.com\/de\/wp-json\/wp\/v2\/pages"}],"about":[{"href":"https:\/\/www.ceramicaflaminia.com\/de\/wp-json\/wp\/v2\/types\/page"}],"author":[{"embeddable":true,"href":"https:\/\/www.ceramicaflaminia.com\/de\/wp-json\/wp\/v2\/users\/2"}],"replies":[{"embeddable":true,"href":"https:\/\/www.ceramicaflaminia.com\/de\/wp-json\/wp\/v2\/comments?post=2959"}],"version-history":[{"count":0,"href":"https:\/\/www.ceramicaflaminia.com\/de\/wp-json\/wp\/v2\/pages\/2959\/revisions"}],"wp:attachment":[{"href":"https:\/\/www.ceramicaflaminia.com\/de\/wp-json\/wp\/v2\/media?parent=2959"}],"curies":[{"name":"wp","href":"https:\/\/api.w.org\/{rel}","templated":true}]}}