{"id":2938,"date":"2025-08-06T08:44:20","date_gmt":"2025-08-06T06:44:20","guid":{"rendered":"https:\/\/www.ceramicaflaminia.com\/?page_id=2938"},"modified":"2025-08-06T11:21:03","modified_gmt":"2025-08-06T09:21:03","slug":"eventi","status":"publish","type":"page","link":"https:\/\/www.ceramicaflaminia.com\/de\/eventi\/","title":{"rendered":"Veranstaltungen"},"content":{"rendered":"<div class=\"vc_row wpb_row vc_row-fluid vc_custom_1754464904648\"><div class=\"wpb_column vc_column_container vc_col-sm-12\"><div class=\"vc_column-inner\"><div class=\"wpb_wrapper\"><div class=\"vc_row wpb_row vc_inner vc_row-fluid vc_custom_1750229196518\"><div class=\"wpb_column vc_column_container vc_col-sm-12\"><div class=\"vc_column-inner\"><div class=\"wpb_wrapper\">\n\t<div class=\"wpb_text_column wpb_content_element  vc_custom_1754462705161 new-font\" >\n\t\t<div class=\"wpb_wrapper\">\n\t\t\t<h1 style=\"text-align: left;\"><span style=\"color: #636363;\">EVENTS<\/span><\/h1>\n\n\t\t<\/div>\n\t<\/div>\n<\/div><\/div><\/div><\/div>\n\t<div  class=\"wpb_single_image wpb_content_element vc_align_center\">\n\t\t\n\t\t<figure class=\"wpb_wrapper vc_figure\">\n\t\t\t<div class=\"vc_single_image-wrapper   vc_box_border_grey\"><img loading=\"lazy\" decoding=\"async\" width=\"2000\" height=\"815\" src=\"https:\/\/www.ceramicaflaminia.com\/wp-content\/uploads\/2025\/08\/Cersaie-2025.jpg\" class=\"vc_single_image-img attachment-full\" alt=\"\" srcset=\"https:\/\/www.ceramicaflaminia.com\/wp-content\/uploads\/2025\/08\/Cersaie-2025.jpg 2000w, https:\/\/www.ceramicaflaminia.com\/wp-content\/uploads\/2025\/08\/Cersaie-2025-300x122.jpg 300w, https:\/\/www.ceramicaflaminia.com\/wp-content\/uploads\/2025\/08\/Cersaie-2025-1024x417.jpg 1024w, https:\/\/www.ceramicaflaminia.com\/wp-content\/uploads\/2025\/08\/Cersaie-2025-768x313.jpg 768w, https:\/\/www.ceramicaflaminia.com\/wp-content\/uploads\/2025\/08\/Cersaie-2025-1536x626.jpg 1536w\" sizes=\"auto, (max-width: 2000px) 100vw, 2000px\"  data-dt-location=\"https:\/\/www.ceramicaflaminia.com\/de\/eventi\/cersaie-2025\/\" \/><\/div>\n\t\t<\/figure>\n\t<\/div>\n\n\t<div class=\"wpb_text_column wpb_content_element  wpb_animate_when_almost_visible wpb_bounceInRight bounceInRight vc_custom_1754463527000\" >\n\t\t<div class=\"wpb_wrapper\">\n\t\t\t<p>Ceramica Flaminia auf der Cersaie, dem wichtigsten internationalen Event f\u00fcr das Design keramischer Oberfl\u00e4chen und anderer Materialien f\u00fcr die Architektur.<\/p>\n\n\t\t<\/div>\n\t<\/div>\n<div class=\"ult-spacer spacer-69eb89bc7d689\" data-id=\"69eb89bc7d689\" data-height=\"80\" data-height-mobile=\"40\" data-height-tab=\"60\" data-height-tab-portrait=\"60\" data-height-mobile-landscape=\"40\" style=\"clear:both;display:block;\"><\/div><div class=\"vc_row wpb_row vc_inner vc_row-fluid\"><div class=\"wpb_column vc_column_container vc_col-sm-3\"><div class=\"vc_column-inner\"><div class=\"wpb_wrapper\">\n\t<div class=\"wpb_text_column wpb_content_element  wpb_animate_when_almost_visible wpb_fadeIn fadeIn new-font\" >\n\t\t<div class=\"wpb_wrapper\">\n\t\t\t<h3>Ein unverzichtbares Event<\/h3>\n\n\t\t<\/div>\n\t<\/div>\n<\/div><\/div><\/div><div class=\"wpb_column vc_column_container vc_col-sm-9\"><div class=\"vc_column-inner\"><div class=\"wpb_wrapper\">\n\t<div class=\"wpb_text_column wpb_content_element  wpb_animate_when_almost_visible wpb_bounceInRight bounceInRight vc_custom_1754463835877\" >\n\t\t<div class=\"wpb_wrapper\">\n\t\t\t<p>Jedes Jahr nimmt Ceramica Flaminia erneut an der Cersaie teil, der weltweit wichtigsten Messe f\u00fcr die Bereiche Keramik und Badm\u00f6bel. Eine bedeutende Veranstaltung in Bologna, die eine einzigartige Gelegenheit bietet, Trends und Innovationen im Keramikdesign zu entdecken.<\/p>\n\n\t\t<\/div>\n\t<\/div>\n<\/div><\/div><\/div><\/div><div class=\"vc_row wpb_row vc_inner vc_row-fluid\"><div class=\"wpb_column vc_column_container vc_col-sm-12\"><div class=\"vc_column-inner\"><div class=\"wpb_wrapper\"><div class=\"vc_separator wpb_content_element vc_separator_align_center vc_sep_width_100 vc_sep_pos_align_center vc_separator_no_text vc_sep_color_grey vc_custom_1750060328634  vc_custom_1750060328634\" ><span class=\"vc_sep_holder vc_sep_holder_l\"><span  class=\"vc_sep_line\"><\/span><\/span><span class=\"vc_sep_holder vc_sep_holder_r\"><span  class=\"vc_sep_line\"><\/span><\/span>\n<\/div><\/div><\/div><\/div><\/div><div class=\"vc_row wpb_row vc_inner vc_row-fluid\"><div class=\"wpb_column vc_column_container vc_col-sm-3\"><div class=\"vc_column-inner\"><div class=\"wpb_wrapper\">\n\t<div class=\"wpb_text_column wpb_content_element  wpb_animate_when_almost_visible wpb_fadeIn fadeIn new-font\" >\n\t\t<div class=\"wpb_wrapper\">\n\t\t\t<h3>Die neuen Kollektionen<\/h3>\n\n\t\t<\/div>\n\t<\/div>\n<\/div><\/div><\/div><div class=\"wpb_column vc_column_container vc_col-sm-9\"><div class=\"vc_column-inner\"><div class=\"wpb_wrapper\">\n\t<div class=\"wpb_text_column wpb_content_element  wpb_animate_when_almost_visible wpb_bounceInRight bounceInRight vc_custom_1754463913631 newfont\" >\n\t\t<div class=\"wpb_wrapper\">\n\t\t\t<p>Traditionsgem\u00e4\u00df pr\u00e4sentiert Ceramica Flaminia ihre neuen Kollektionen, die darauf ausgelegt sind, sowohl Liebhaber als auch Fachleute der Branche zu begeistern. Jede Kollektion ist das Ergebnis sorgf\u00e4ltiger Forschungs- und Entwicklungsarbeit mit dem Ziel, \u00c4sthetik, Funktionalit\u00e4t und Nachhaltigkeit zu vereinen.<\/p>\n\n\t\t<\/div>\n\t<\/div>\n<\/div><\/div><\/div><\/div><div class=\"vc_row wpb_row vc_inner vc_row-fluid\"><div class=\"wpb_column vc_column_container vc_col-sm-12\"><div class=\"vc_column-inner\"><div class=\"wpb_wrapper\"><div class=\"vc_separator wpb_content_element vc_separator_align_center vc_sep_width_100 vc_sep_pos_align_center vc_separator_no_text vc_sep_color_grey vc_custom_1750060328634  vc_custom_1750060328634\" ><span class=\"vc_sep_holder vc_sep_holder_l\"><span  class=\"vc_sep_line\"><\/span><\/span><span class=\"vc_sep_holder vc_sep_holder_r\"><span  class=\"vc_sep_line\"><\/span><\/span>\n<\/div><\/div><\/div><\/div><\/div><div class=\"vc_row wpb_row vc_inner vc_row-fluid\"><div class=\"wpb_column vc_column_container vc_col-sm-3\"><div class=\"vc_column-inner\"><div class=\"wpb_wrapper\">\n\t<div class=\"wpb_text_column wpb_content_element  wpb_animate_when_almost_visible wpb_fadeIn fadeIn new-font\" >\n\t\t<div class=\"wpb_wrapper\">\n\t\t\t<h3>Innovation und Design<\/h3>\n\n\t\t<\/div>\n\t<\/div>\n<\/div><\/div><\/div><div class=\"wpb_column vc_column_container vc_col-sm-9\"><div class=\"vc_column-inner\"><div class=\"wpb_wrapper\">\n\t<div class=\"wpb_text_column wpb_content_element  wpb_animate_when_almost_visible wpb_bounceInRight bounceInRight vc_custom_1754463889489 newfont\" >\n\t\t<div class=\"wpb_wrapper\">\n\t\t\t<p>Die Produkte von Ceramica Flaminia zeichnen sich durch innovatives Design und die hohe Qualit\u00e4t der verwendeten Materialien aus. Ihre Teilnahme an der Cersaie bietet die ideale Gelegenheit, einzigartige St\u00fccke und fortschrittliche L\u00f6sungen im Bereich Badm\u00f6bel und Keramik zu entdecken.<\/p>\n\n\t\t<\/div>\n\t<\/div>\n<\/div><\/div><\/div><\/div><div class=\"vc_row wpb_row vc_inner vc_row-fluid\"><div class=\"wpb_column vc_column_container vc_col-sm-12\"><div class=\"vc_column-inner\"><div class=\"wpb_wrapper\"><div class=\"vc_separator wpb_content_element vc_separator_align_center vc_sep_width_100 vc_sep_pos_align_center vc_separator_no_text vc_sep_color_grey vc_custom_1750060328634  vc_custom_1750060328634\" ><span class=\"vc_sep_holder vc_sep_holder_l\"><span  class=\"vc_sep_line\"><\/span><\/span><span class=\"vc_sep_holder vc_sep_holder_r\"><span  class=\"vc_sep_line\"><\/span><\/span>\n<\/div><\/div><\/div><\/div><\/div><div class=\"vc_row wpb_row vc_inner vc_row-fluid\"><div class=\"wpb_column vc_column_container vc_col-sm-3\"><div class=\"vc_column-inner\"><div class=\"wpb_wrapper\">\n\t<div class=\"wpb_text_column wpb_content_element  wpb_animate_when_almost_visible wpb_fadeIn fadeIn new-font\" >\n\t\t<div class=\"wpb_wrapper\">\n\t\t\t<h3>Ein Stetiges Engagement<\/h3>\n\n\t\t<\/div>\n\t<\/div>\n<\/div><\/div><\/div><div class=\"wpb_column vc_column_container vc_col-sm-9\"><div class=\"vc_column-inner\"><div class=\"wpb_wrapper\">\n\t<div class=\"wpb_text_column wpb_content_element  wpb_animate_when_almost_visible wpb_bounceInRight bounceInRight vc_custom_1754463969387 newfont\" >\n\t\t<div class=\"wpb_wrapper\">\n\t\t\t<p>Das kontinuierliche Engagement von Ceramica Flaminia zur Verbesserung ihrer Produkte zeigt sich in der F\u00e4higkeit, auf die Anforderungen eines sich st\u00e4ndig wandelnden Marktes mit ma\u00dfgeschneiderten und fortschrittlichen L\u00f6sungen zu reagieren.<\/p>\n\n\t\t<\/div>\n\t<\/div>\n<\/div><\/div><\/div><\/div><div class=\"vc_separator wpb_content_element vc_separator_align_center vc_sep_width_100 vc_sep_pos_align_center vc_separator_no_text vc_sep_color_grey vc_custom_1750060328634  vc_custom_1750060328634\" ><span class=\"vc_sep_holder vc_sep_holder_l\"><span  class=\"vc_sep_line\"><\/span><\/span><span class=\"vc_sep_holder vc_sep_holder_r\"><span  class=\"vc_sep_line\"><\/span><\/span>\n<\/div><div class=\"vc_row wpb_row vc_inner vc_row-fluid\"><div class=\"wpb_column vc_column_container vc_col-sm-3\"><div class=\"vc_column-inner\"><div class=\"wpb_wrapper\">\n\t<div class=\"wpb_text_column wpb_content_element  wpb_animate_when_almost_visible wpb_fadeIn fadeIn new-font\" >\n\t\t<div class=\"wpb_wrapper\">\n\t\t\t<h3>Termin mit der Zukunft<\/h3>\n\n\t\t<\/div>\n\t<\/div>\n<\/div><\/div><\/div><div class=\"wpb_column vc_column_container vc_col-sm-9\"><div class=\"vc_column-inner\"><div class=\"wpb_wrapper\">\n\t<div class=\"wpb_text_column wpb_content_element  wpb_animate_when_almost_visible wpb_bounceInRight bounceInRight vc_custom_1754464002029 newfont\" >\n\t\t<div class=\"wpb_wrapper\">\n\t\t\t<p>Die Teilnahme an der Cersaie ist nicht nur eine Gelegenheit, Neuheiten zu pr\u00e4sentieren, sondern auch ein Moment des Austauschs mit anderen Branchenf\u00fchrern, Designern und Enthusiasten. Es ist ein unverzichtbares Ereignis f\u00fcr alle, die \u00fcber die neuesten Trends und Innovationen in der Welt der Keramik und Badm\u00f6bel informiert bleiben m\u00f6chten.<\/p>\n<p>Ceramica Flaminia erwartet Sie auf der Cersaie zu einem Erlebnis im Zeichen von Design und Innovation. Besuchen Sie unbedingt ihren Stand, um einen exklusiven Vorgeschmack auf die Kollektionen zu erhalten, die die Trends der Zukunft pr\u00e4gen werden.<\/p>\n\n\t\t<\/div>\n\t<\/div>\n<\/div><\/div><\/div><\/div><div class=\"vc_row wpb_row vc_inner vc_row-fluid\"><div class=\"wpb_column vc_column_container vc_col-sm-12\"><div class=\"vc_column-inner\"><div class=\"wpb_wrapper\"><div class=\"vc_separator wpb_content_element vc_separator_align_center vc_sep_width_100 vc_sep_pos_align_center vc_separator_no_text vc_sep_color_grey vc_custom_1750060328634  vc_custom_1750060328634\" ><span class=\"vc_sep_holder vc_sep_holder_l\"><span  class=\"vc_sep_line\"><\/span><\/span><span class=\"vc_sep_holder vc_sep_holder_r\"><span  class=\"vc_sep_line\"><\/span><\/span>\n<\/div><\/div><\/div><\/div><\/div><\/div><\/div><\/div><\/div><!-- Row Backgrounds --><div class=\"upb_bg_img\" data-ultimate-bg=\"url(https:\/\/www.ceramicaflaminia.com\/wp-content\/uploads\/2025\/08\/sfondoeventi-scaled.jpg)\" data-image-id=\"id^2955|url^http:\/\/www.ceramicaflaminia.com\/wp-content\/uploads\/2025\/08\/sfondoeventi-scaled.jpg|caption^null|alt^null|title^sfondoeventi|description^null\" data-ultimate-bg-style=\"vcpb-default\" data-bg-img-repeat=\"no-repeat\" data-bg-img-size=\"cover\" data-bg-img-position=\"\" data-parallx_sense=\"30\" data-bg-override=\"ex-full\" data-bg_img_attach=\"scroll\" data-upb-overlay-color=\"rgba(255,255,255,0.59)\" data-upb-bg-animation=\"\" data-fadeout=\"\" data-bg-animation=\"left-animation\" data-bg-animation-type=\"h\" data-animation-repeat=\"repeat\" data-fadeout-percentage=\"30\" data-parallax-content=\"\" data-parallax-content-sense=\"30\" data-row-effect-mobile-disable=\"true\" data-img-parallax-mobile-disable=\"true\" data-rtl=\"false\"  data-custom-vc-row=\"\"  data-vc=\"6.4.1\"  data-is_old_vc=\"\"  data-theme-support=\"\"   data-overlay=\"true\" data-overlay-color=\"rgba(255,255,255,0.59)\" data-overlay-pattern=\"\" data-overlay-pattern-opacity=\"0.8\" data-overlay-pattern-size=\"\" data-overlay-pattern-attachment=\"scroll\"    ><\/div>","protected":false},"excerpt":{"rendered":"<p>EVENTI Ceramica Flaminia a Cersaie, l&#8217;appuntamento internazionale pi\u00f9 importante per il design delle superfici ceramiche e in altri materiali per l&#8217;architettura. Un evento imperdibile Ogni anno, Ceramica Flaminia rinnova la sua partecipazione a Cersaie, la pi\u00f9 importante esposizione mondiale dedicata ai settori della ceramica e dell&#8217;arredobagno. Un evento di grande rilevanza che si tiene a&hellip;<\/p>","protected":false},"author":2,"featured_media":0,"parent":0,"menu_order":0,"comment_status":"closed","ping_status":"closed","template":"","meta":{"footnotes":""},"class_list":["post-2938","page","type-page","status-publish","hentry","description-off"],"_links":{"self":[{"href":"https:\/\/www.ceramicaflaminia.com\/de\/wp-json\/wp\/v2\/pages\/2938","targetHints":{"allow":["GET"]}}],"collection":[{"href":"https:\/\/www.ceramicaflaminia.com\/de\/wp-json\/wp\/v2\/pages"}],"about":[{"href":"https:\/\/www.ceramicaflaminia.com\/de\/wp-json\/wp\/v2\/types\/page"}],"author":[{"embeddable":true,"href":"https:\/\/www.ceramicaflaminia.com\/de\/wp-json\/wp\/v2\/users\/2"}],"replies":[{"embeddable":true,"href":"https:\/\/www.ceramicaflaminia.com\/de\/wp-json\/wp\/v2\/comments?post=2938"}],"version-history":[{"count":0,"href":"https:\/\/www.ceramicaflaminia.com\/de\/wp-json\/wp\/v2\/pages\/2938\/revisions"}],"wp:attachment":[{"href":"https:\/\/www.ceramicaflaminia.com\/de\/wp-json\/wp\/v2\/media?parent=2938"}],"curies":[{"name":"wp","href":"https:\/\/api.w.org\/{rel}","templated":true}]}}